{"id":9276,"date":"2022-11-23T12:05:46","date_gmt":"2022-11-23T12:05:46","guid":{"rendered":"https:\/\/www.onspotstory.com\/?page_id=9276"},"modified":"2022-11-25T12:05:56","modified_gmt":"2022-11-25T12:05:56","slug":"accessibility","status":"publish","type":"page","link":"https:\/\/www.onspotstory.com\/index.php\/accessibility\/","title":{"rendered":"Accessibility"},"content":{"rendered":"<p><div id=\"ipod\" class=\"fusion-container-anchor\"><div class=\"fusion-fullwidth fullwidth-box fusion-builder-row-1 nonhundred-percent-fullwidth non-hundred-percent-height-scrolling fusion-equal-height-columns\" style=\"--awb-border-radius-top-left:0px;--awb-border-radius-top-right:0px;--awb-border-radius-bottom-right:0px;--awb-border-radius-bottom-left:0px;--awb-padding-top:60px;--awb-padding-bottom:20px;--awb-background-color:rgba(255,152,0,0.09);--awb-flex-wrap:wrap;\" ><div class=\"fusion-builder-row fusion-row\"><div class=\"fusion-layout-column fusion_builder_column fusion-builder-column-0 fusion_builder_column_1_3 1_3 fusion-one-third fusion-column-first\" style=\"--awb-bg-size:cover;width:33.333333333333%;width:calc(33.333333333333% - ( ( 4% ) * 0.33333333333333 ) );margin-right: 4%;\"><div class=\"fusion-column-wrapper fusion-column-has-shadow fusion-flex-column-wrapper-legacy\"><div class=\"fusion-column-content-centered\"><div class=\"fusion-column-content\"><div class=\"fusion-image-element in-legacy-container\" style=\"--awb-caption-title-font-family:var(--h2_typography-font-family);--awb-caption-title-font-weight:var(--h2_typography-font-weight);--awb-caption-title-font-style:var(--h2_typography-font-style);--awb-caption-title-size:var(--h2_typography-font-size);--awb-caption-title-transform:var(--h2_typography-text-transform);--awb-caption-title-line-height:var(--h2_typography-line-height);--awb-caption-title-letter-spacing:var(--h2_typography-letter-spacing);\"><span class=\" fusion-imageframe imageframe-none imageframe-1 hover-type-none\"><img decoding=\"async\" width=\"1774\" height=\"2976\" title=\"tillga\u0308nglighetiappenHISTORISKA\" src=\"https:\/\/www.onspotstory.com\/wp-content\/uploads\/2022\/09\/tillga\u0308nglighetiappenHISTORISKA.png\" alt class=\"img-responsive wp-image-8186\" srcset=\"https:\/\/www.onspotstory.com\/wp-content\/uploads\/2022\/09\/tillga\u0308nglighetiappenHISTORISKA-200x336.png 200w, https:\/\/www.onspotstory.com\/wp-content\/uploads\/2022\/09\/tillga\u0308nglighetiappenHISTORISKA-400x671.png 400w, https:\/\/www.onspotstory.com\/wp-content\/uploads\/2022\/09\/tillga\u0308nglighetiappenHISTORISKA-600x1007.png 600w, https:\/\/www.onspotstory.com\/wp-content\/uploads\/2022\/09\/tillga\u0308nglighetiappenHISTORISKA-800x1342.png 800w, https:\/\/www.onspotstory.com\/wp-content\/uploads\/2022\/09\/tillga\u0308nglighetiappenHISTORISKA-1200x2013.png 1200w, https:\/\/www.onspotstory.com\/wp-content\/uploads\/2022\/09\/tillga\u0308nglighetiappenHISTORISKA.png 1774w\" sizes=\"(max-width: 800px) 100vw, 400px\" \/><\/span><\/div><\/div><\/div><div class=\"fusion-clearfix\"><\/div><\/div><\/div><div class=\"fusion-layout-column fusion_builder_column fusion-builder-column-1 fusion_builder_column_2_3 2_3 fusion-two-third fusion-column-last\" style=\"--awb-padding-top:10px;--awb-padding-right:20px;--awb-padding-bottom:10px;--awb-padding-left:10px;--awb-bg-size:cover;width:66.666666666667%;width:calc(66.666666666667% - ( ( 4% ) * 0.66666666666667 ) );\"><div class=\"fusion-column-wrapper fusion-column-has-shadow fusion-flex-column-wrapper-legacy\"><div class=\"fusion-column-content-centered\"><div class=\"fusion-column-content\"><div class=\"fusion-text fusion-text-1\"><h3><span style=\"color: #ff9900;\"><code><i class=\"fa fa-users fa-1x orange \"><\/i><\/code><strong> ACCESSIBILITY<\/strong><\/span><\/h3>\n<\/div><div class=\"fusion-text fusion-text-2\"><h2>Make your content accessible to everyone<\/h2>\n<p>An app is a great tool to make information and stories accessible to many. By customizing the content; subtitling films, adding sign-interpretaion, like in the example from the Historical Museum in the picture on the left, offering both sound and text, writing plain language and making sure to have sufficient contrast you will get far.<\/p>\n<p>But, the app itself must also be adapted to different functional variations. And that is our responsibility. We follow the guidelines for the Swedish public sector and are constantly working to make the app better &#8211; for everyone.<\/p>\n<p><code><i class=\"fa fa-check fa-1x orange\"><\/i><\/code>\u00a0The app is compatible with your phone&#8217;s screen reader.<\/p>\n<p><code><i class=\"fa fa-check fa-1x orange\"><\/i><\/code>\u00a0All images can have a text option (Alt-text) that is read aloud. Images with a purely decorative function can be muted.<\/p>\n<p><code><i class=\"fa fa-check fa-1x orange\"><\/i><\/code>\u00a0Movies can have several variants of subtitles that the user can choose from.<\/p>\n<\/div><div class=\"fusion-sep-clear\"><\/div><div class=\"fusion-separator fusion-full-width-sep\" style=\"margin-left: auto;margin-right: auto;margin-top:10px;width:100%;\"><\/div><div class=\"fusion-sep-clear\"><\/div><div class=\"fusion-button-wrapper\"><a class=\"fusion-button button-flat fusion-button-default-size button-default fusion-button-default button-1 fusion-button-default-span fusion-button-default-type\" target=\"_self\" href=\"https:\/\/www.onspotstory.com\/index.php\/en\/book-a-demo-2\/\"><span class=\"fusion-button-text\">BOOK A DEMO<\/span><\/a><\/div><\/div><\/div><div class=\"fusion-clearfix\"><\/div><\/div><\/div><\/div><\/div><\/div><div class=\"fusion-fullwidth fullwidth-box fusion-builder-row-2 has-pattern-background has-mask-background nonhundred-percent-fullwidth non-hundred-percent-height-scrolling fusion-equal-height-columns\" style=\"--awb-border-radius-top-left:0px;--awb-border-radius-top-right:0px;--awb-border-radius-bottom-right:0px;--awb-border-radius-bottom-left:0px;--awb-margin-top:50px;--awb-flex-wrap:wrap;\" ><div class=\"fusion-builder-row fusion-row\"><div class=\"fusion-layout-column fusion_builder_column fusion-builder-column-2 fusion_builder_column_1_3 1_3 fusion-one-third fusion-column-first\" style=\"--awb-bg-size:cover;width:33.333333333333%;width:calc(33.333333333333% - ( ( 4% ) * 0.33333333333333 ) );margin-right: 4%;\"><div class=\"fusion-column-wrapper fusion-column-has-shadow fusion-flex-column-wrapper-legacy\"><div class=\"fusion-column-content-centered\"><div class=\"fusion-column-content\"><div class=\"fusion-image-element in-legacy-container\" style=\"--awb-caption-title-font-family:var(--h2_typography-font-family);--awb-caption-title-font-weight:var(--h2_typography-font-weight);--awb-caption-title-font-style:var(--h2_typography-font-style);--awb-caption-title-size:var(--h2_typography-font-size);--awb-caption-title-transform:var(--h2_typography-text-transform);--awb-caption-title-line-height:var(--h2_typography-line-height);--awb-caption-title-letter-spacing:var(--h2_typography-letter-spacing);\"><span class=\" fusion-imageframe imageframe-none imageframe-2 hover-type-none\"><img decoding=\"async\" width=\"545\" height=\"283\" title=\"a11y-explained copy\" src=\"https:\/\/www.onspotstory.com\/wp-content\/uploads\/2022\/09\/a11y-explained-copy.webp\" alt class=\"img-responsive wp-image-8489\" srcset=\"https:\/\/www.onspotstory.com\/wp-content\/uploads\/2022\/09\/a11y-explained-copy-200x104.webp 200w, https:\/\/www.onspotstory.com\/wp-content\/uploads\/2022\/09\/a11y-explained-copy-300x156.webp 300w, https:\/\/www.onspotstory.com\/wp-content\/uploads\/2022\/09\/a11y-explained-copy-400x208.webp 400w, https:\/\/www.onspotstory.com\/wp-content\/uploads\/2022\/09\/a11y-explained-copy.webp 545w\" sizes=\"(max-width: 800px) 100vw, 400px\" \/><\/span><\/div><\/div><\/div><div class=\"fusion-clearfix\"><\/div><\/div><\/div><div class=\"fusion-layout-column fusion_builder_column fusion-builder-column-3 fusion_builder_column_2_3 2_3 fusion-two-third fusion-column-last\" style=\"--awb-bg-size:cover;width:66.666666666667%;width:calc(66.666666666667% - ( ( 4% ) * 0.66666666666667 ) );\"><div class=\"fusion-column-wrapper fusion-column-has-shadow fusion-flex-column-wrapper-legacy\"><div class=\"fusion-column-content-centered\"><div class=\"fusion-column-content\"><div class=\"fusion-text fusion-text-3\"><h1>What is a11y?<\/h1>\n<p>&#8221;a11y&#8221; stands for accessibility. It is a numeronym where 11 represents the number of letters between &#8221;a&#8221; and &#8221;y&#8221; in the word accessibility.<\/p>\n<p>The word accessibility can mean different things in different contexts. On the Internet, a11y is used to identify content that is related to digital accessibility.<\/p>\n<\/div><\/div><\/div><div class=\"fusion-clearfix\"><\/div><\/div><\/div><\/div><\/div><\/p>\n","protected":false},"excerpt":{"rendered":"","protected":false},"author":1,"featured_media":0,"parent":0,"menu_order":0,"comment_status":"closed","ping_status":"closed","template":"100-width.php","meta":{"footnotes":""},"class_list":["post-9276","page","type-page","status-publish","hentry"],"yoast_head":"<!-- This site is optimized with the Yoast SEO plugin v24.6 - https:\/\/yoast.com\/wordpress\/plugins\/seo\/ -->\n<title>Apps accessible for everyone | OnSpotStory<\/title>\n<meta name=\"description\" content=\"We make your app content accessible to everyone. The app is compatible with built in voice over.\" \/>\n<meta name=\"robots\" content=\"index, follow, max-snippet:-1, max-image-preview:large, max-video-preview:-1\" \/>\n<link rel=\"canonical\" href=\"https:\/\/www.onspotstory.com\/index.php\/accessibility\/\" \/>\n<meta property=\"og:locale\" content=\"sv_SE\" \/>\n<meta property=\"og:type\" content=\"article\" \/>\n<meta property=\"og:title\" content=\"Apps accessible for everyone | OnSpotStory\" \/>\n<meta property=\"og:description\" content=\"We make your app content accessible to everyone. The app is compatible with built in voice over.\" \/>\n<meta property=\"og:url\" content=\"https:\/\/www.onspotstory.com\/index.php\/accessibility\/\" \/>\n<meta property=\"og:site_name\" content=\"OnSpotStory\" \/>\n<meta property=\"article:publisher\" content=\"https:\/\/www.facebook.com\/OnSpotStoryEurope\/\" \/>\n<meta property=\"article:modified_time\" content=\"2022-11-25T12:05:56+00:00\" \/>\n<meta name=\"twitter:card\" content=\"summary_large_image\" \/>\n<meta name=\"twitter:label1\" content=\"Ber\u00e4knad l\u00e4stid\" \/>\n\t<meta name=\"twitter:data1\" content=\"7 minuter\" \/>\n<script type=\"application\/ld+json\" class=\"yoast-schema-graph\">{\"@context\":\"https:\/\/schema.org\",\"@graph\":[{\"@type\":\"WebPage\",\"@id\":\"https:\/\/www.onspotstory.com\/index.php\/accessibility\/\",\"url\":\"https:\/\/www.onspotstory.com\/index.php\/accessibility\/\",\"name\":\"Apps accessible for everyone | OnSpotStory\",\"isPartOf\":{\"@id\":\"https:\/\/www.onspotstory.com\/#website\"},\"datePublished\":\"2022-11-23T12:05:46+00:00\",\"dateModified\":\"2022-11-25T12:05:56+00:00\",\"description\":\"We make your app content accessible to everyone. The app is compatible with built in voice over.\",\"breadcrumb\":{\"@id\":\"https:\/\/www.onspotstory.com\/index.php\/accessibility\/#breadcrumb\"},\"inLanguage\":\"sv-SE\",\"potentialAction\":[{\"@type\":\"ReadAction\",\"target\":[\"https:\/\/www.onspotstory.com\/index.php\/accessibility\/\"]}]},{\"@type\":\"BreadcrumbList\",\"@id\":\"https:\/\/www.onspotstory.com\/index.php\/accessibility\/#breadcrumb\",\"itemListElement\":[{\"@type\":\"ListItem\",\"position\":1,\"name\":\"Hem\",\"item\":\"https:\/\/www.onspotstory.com\/\"},{\"@type\":\"ListItem\",\"position\":2,\"name\":\"Accessibility\"}]},{\"@type\":\"WebSite\",\"@id\":\"https:\/\/www.onspotstory.com\/#website\",\"url\":\"https:\/\/www.onspotstory.com\/\",\"name\":\"OnSpotStory\",\"description\":\"Vi utvecklar appar f\u00f6r kommuner, museer och bes\u00f6ksm\u00e5l\",\"publisher\":{\"@id\":\"https:\/\/www.onspotstory.com\/#organization\"},\"potentialAction\":[{\"@type\":\"SearchAction\",\"target\":{\"@type\":\"EntryPoint\",\"urlTemplate\":\"https:\/\/www.onspotstory.com\/?s={search_term_string}\"},\"query-input\":{\"@type\":\"PropertyValueSpecification\",\"valueRequired\":true,\"valueName\":\"search_term_string\"}}],\"inLanguage\":\"sv-SE\"},{\"@type\":\"Organization\",\"@id\":\"https:\/\/www.onspotstory.com\/#organization\",\"name\":\"OnSpotStory\",\"url\":\"https:\/\/www.onspotstory.com\/\",\"logo\":{\"@type\":\"ImageObject\",\"inLanguage\":\"sv-SE\",\"@id\":\"https:\/\/www.onspotstory.com\/#\/schema\/logo\/image\/\",\"url\":\"https:\/\/www.onspotstory.com\/wp-content\/uploads\/2022\/09\/OSMS_logga_utanmost-1.png\",\"contentUrl\":\"https:\/\/www.onspotstory.com\/wp-content\/uploads\/2022\/09\/OSMS_logga_utanmost-1.png\",\"width\":250,\"height\":60,\"caption\":\"OnSpotStory\"},\"image\":{\"@id\":\"https:\/\/www.onspotstory.com\/#\/schema\/logo\/image\/\"},\"sameAs\":[\"https:\/\/www.facebook.com\/OnSpotStoryEurope\/\",\"https:\/\/www.instagram.com\/onspotstory_europe\/\",\"https:\/\/www.linkedin.com\/in\/staffangerlow\/\",\"https:\/\/www.youtube.com\/user\/OnSpotStory\"]}]}<\/script>\n<!-- \/ Yoast SEO plugin. -->","yoast_head_json":{"title":"Apps accessible for everyone | OnSpotStory","description":"We make your app content accessible to everyone. The app is compatible with built in voice over.","robots":{"index":"index","follow":"follow","max-snippet":"max-snippet:-1","max-image-preview":"max-image-preview:large","max-video-preview":"max-video-preview:-1"},"canonical":"https:\/\/www.onspotstory.com\/index.php\/accessibility\/","og_locale":"sv_SE","og_type":"article","og_title":"Apps accessible for everyone | OnSpotStory","og_description":"We make your app content accessible to everyone. The app is compatible with built in voice over.","og_url":"https:\/\/www.onspotstory.com\/index.php\/accessibility\/","og_site_name":"OnSpotStory","article_publisher":"https:\/\/www.facebook.com\/OnSpotStoryEurope\/","article_modified_time":"2022-11-25T12:05:56+00:00","twitter_card":"summary_large_image","twitter_misc":{"Ber\u00e4knad l\u00e4stid":"7 minuter"},"schema":{"@context":"https:\/\/schema.org","@graph":[{"@type":"WebPage","@id":"https:\/\/www.onspotstory.com\/index.php\/accessibility\/","url":"https:\/\/www.onspotstory.com\/index.php\/accessibility\/","name":"Apps accessible for everyone | OnSpotStory","isPartOf":{"@id":"https:\/\/www.onspotstory.com\/#website"},"datePublished":"2022-11-23T12:05:46+00:00","dateModified":"2022-11-25T12:05:56+00:00","description":"We make your app content accessible to everyone. The app is compatible with built in voice over.","breadcrumb":{"@id":"https:\/\/www.onspotstory.com\/index.php\/accessibility\/#breadcrumb"},"inLanguage":"sv-SE","potentialAction":[{"@type":"ReadAction","target":["https:\/\/www.onspotstory.com\/index.php\/accessibility\/"]}]},{"@type":"BreadcrumbList","@id":"https:\/\/www.onspotstory.com\/index.php\/accessibility\/#breadcrumb","itemListElement":[{"@type":"ListItem","position":1,"name":"Hem","item":"https:\/\/www.onspotstory.com\/"},{"@type":"ListItem","position":2,"name":"Accessibility"}]},{"@type":"WebSite","@id":"https:\/\/www.onspotstory.com\/#website","url":"https:\/\/www.onspotstory.com\/","name":"OnSpotStory","description":"Vi utvecklar appar f\u00f6r kommuner, museer och bes\u00f6ksm\u00e5l","publisher":{"@id":"https:\/\/www.onspotstory.com\/#organization"},"potentialAction":[{"@type":"SearchAction","target":{"@type":"EntryPoint","urlTemplate":"https:\/\/www.onspotstory.com\/?s={search_term_string}"},"query-input":{"@type":"PropertyValueSpecification","valueRequired":true,"valueName":"search_term_string"}}],"inLanguage":"sv-SE"},{"@type":"Organization","@id":"https:\/\/www.onspotstory.com\/#organization","name":"OnSpotStory","url":"https:\/\/www.onspotstory.com\/","logo":{"@type":"ImageObject","inLanguage":"sv-SE","@id":"https:\/\/www.onspotstory.com\/#\/schema\/logo\/image\/","url":"https:\/\/www.onspotstory.com\/wp-content\/uploads\/2022\/09\/OSMS_logga_utanmost-1.png","contentUrl":"https:\/\/www.onspotstory.com\/wp-content\/uploads\/2022\/09\/OSMS_logga_utanmost-1.png","width":250,"height":60,"caption":"OnSpotStory"},"image":{"@id":"https:\/\/www.onspotstory.com\/#\/schema\/logo\/image\/"},"sameAs":["https:\/\/www.facebook.com\/OnSpotStoryEurope\/","https:\/\/www.instagram.com\/onspotstory_europe\/","https:\/\/www.linkedin.com\/in\/staffangerlow\/","https:\/\/www.youtube.com\/user\/OnSpotStory"]}]}},"_links":{"self":[{"href":"https:\/\/www.onspotstory.com\/index.php\/wp-json\/wp\/v2\/pages\/9276","targetHints":{"allow":["GET"]}}],"collection":[{"href":"https:\/\/www.onspotstory.com\/index.php\/wp-json\/wp\/v2\/pages"}],"about":[{"href":"https:\/\/www.onspotstory.com\/index.php\/wp-json\/wp\/v2\/types\/page"}],"author":[{"embeddable":true,"href":"https:\/\/www.onspotstory.com\/index.php\/wp-json\/wp\/v2\/users\/1"}],"replies":[{"embeddable":true,"href":"https:\/\/www.onspotstory.com\/index.php\/wp-json\/wp\/v2\/comments?post=9276"}],"version-history":[{"count":2,"href":"https:\/\/www.onspotstory.com\/index.php\/wp-json\/wp\/v2\/pages\/9276\/revisions"}],"predecessor-version":[{"id":9413,"href":"https:\/\/www.onspotstory.com\/index.php\/wp-json\/wp\/v2\/pages\/9276\/revisions\/9413"}],"wp:attachment":[{"href":"https:\/\/www.onspotstory.com\/index.php\/wp-json\/wp\/v2\/media?parent=9276"}],"curies":[{"name":"wp","href":"https:\/\/api.w.org\/{rel}","templated":true}]}}