{"id":8819,"date":"2022-10-13T12:48:41","date_gmt":"2022-10-13T12:48:41","guid":{"rendered":"https:\/\/www.onspotstory.com\/?page_id=8819"},"modified":"2022-11-25T12:46:53","modified_gmt":"2022-11-25T12:46:53","slug":"plus-enheter","status":"publish","type":"page","link":"https:\/\/www.onspotstory.com\/index.php\/plus-enheter\/","title":{"rendered":"PLUS enheter"},"content":{"rendered":"<p><div id=\"gamification\" class=\"fusion-container-anchor\"><div class=\"fusion-fullwidth fullwidth-box fusion-builder-row-1 nonhundred-percent-fullwidth non-hundred-percent-height-scrolling fusion-equal-height-columns\" style=\"--awb-border-radius-top-left:0px;--awb-border-radius-top-right:0px;--awb-border-radius-bottom-right:0px;--awb-border-radius-bottom-left:0px;--awb-padding-top:40px;--awb-padding-bottom:20px;--awb-background-color:rgba(255,255,255,0.09);--awb-flex-wrap:wrap;\" ><div class=\"fusion-builder-row fusion-row\"><div class=\"fusion-layout-column fusion_builder_column fusion-builder-column-0 fusion_builder_column_1_2 1_2 fusion-one-half fusion-column-first\" style=\"--awb-bg-size:cover;width:50%;width:calc(50% - ( ( 4% ) * 0.5 ) );margin-right: 4%;\"><div class=\"fusion-column-wrapper fusion-column-has-shadow fusion-flex-column-wrapper-legacy\"><div class=\"fusion-column-content-centered\"><div class=\"fusion-column-content\"><div class=\"fusion-image-element in-legacy-container\" style=\"--awb-caption-title-font-family:var(--h2_typography-font-family);--awb-caption-title-font-weight:var(--h2_typography-font-weight);--awb-caption-title-font-style:var(--h2_typography-font-style);--awb-caption-title-size:var(--h2_typography-font-size);--awb-caption-title-transform:var(--h2_typography-text-transform);--awb-caption-title-line-height:var(--h2_typography-line-height);--awb-caption-title-letter-spacing:var(--h2_typography-letter-spacing);\"><span class=\" fusion-imageframe imageframe-none imageframe-1 hover-type-none\"><img decoding=\"async\" width=\"924\" height=\"924\" title=\"EgyptianMuseum-1-2\" src=\"https:\/\/www.onspotstory.com\/wp-content\/uploads\/2022\/09\/EgyptianMuseum-1-2.webp\" alt class=\"img-responsive wp-image-8340\" srcset=\"https:\/\/www.onspotstory.com\/wp-content\/uploads\/2022\/09\/EgyptianMuseum-1-2-66x66.webp 66w, https:\/\/www.onspotstory.com\/wp-content\/uploads\/2022\/09\/EgyptianMuseum-1-2-150x150.webp 150w, https:\/\/www.onspotstory.com\/wp-content\/uploads\/2022\/09\/EgyptianMuseum-1-2-200x200.webp 200w, https:\/\/www.onspotstory.com\/wp-content\/uploads\/2022\/09\/EgyptianMuseum-1-2-300x300.webp 300w, https:\/\/www.onspotstory.com\/wp-content\/uploads\/2022\/09\/EgyptianMuseum-1-2-400x400.webp 400w, https:\/\/www.onspotstory.com\/wp-content\/uploads\/2022\/09\/EgyptianMuseum-1-2-600x600.webp 600w, https:\/\/www.onspotstory.com\/wp-content\/uploads\/2022\/09\/EgyptianMuseum-1-2-768x768.webp 768w, https:\/\/www.onspotstory.com\/wp-content\/uploads\/2022\/09\/EgyptianMuseum-1-2-800x800.webp 800w, https:\/\/www.onspotstory.com\/wp-content\/uploads\/2022\/09\/EgyptianMuseum-1-2.webp 924w\" sizes=\"(max-width: 800px) 100vw, 600px\" \/><\/span><\/div><\/div><\/div><div class=\"fusion-clearfix\"><\/div><\/div><\/div><div class=\"fusion-layout-column fusion_builder_column fusion-builder-column-1 fusion_builder_column_1_2 1_2 fusion-one-half fusion-column-last\" style=\"--awb-padding-top:10px;--awb-padding-right:10px;--awb-padding-bottom:10px;--awb-padding-left:10px;--awb-bg-size:cover;width:50%;width:calc(50% - ( ( 4% ) * 0.5 ) );\"><div class=\"fusion-column-wrapper fusion-column-has-shadow fusion-flex-column-wrapper-legacy\"><div class=\"fusion-column-content-centered\"><div class=\"fusion-column-content\"><div class=\"fusion-text fusion-text-1\"><h3><span style=\"color: #ff9900;\"><code><i class=\"fa fa-cube fa-1x orange\"><\/i><\/code><strong> PLUS ENHETER<\/strong><\/span><\/h3>\n<\/div><div class=\"fusion-text fusion-text-2\"><h2>L\u00e5na ut enheter<\/h2>\n<div class=\"fusion-text fusion-text-138\">\n<p>Vill ni erbjuda era bes\u00f6kare enheter att l\u00e5na eller hyra s\u00e5 finns v\u00e5r PLUS enheter.\u00a0 En stabil androidtelefon av enklare modell i ett kraftigt skal som t\u00e5l att tappas i golvet. Med enheten kan bes\u00f6karen ta del av alla guidefunktioner utan att ladda ner en app eller anv\u00e4nda sin egen mobiltelefon.<\/p>\n<p><code><i class=\"fa fa-check fa-1x orange\"><\/i><\/code>\u00a0 L\u00e5s enheten till att endast anv\u00e4nda er app.<\/p>\n<p><code><i class=\"fa fa-check fa-1x orange\"><\/i><\/code>\u00a0 G\u00e5r att anv\u00e4nda utan uppkoppling till wifi.<\/p>\n<p><code><i class=\"fa fa-check fa-1x orange\"><\/i><\/code>\u00a0 Inneh\u00e5llet administreras i samma CMS som app och webbapp.<\/p>\n<\/div>\n<\/div><div class=\"fusion-sep-clear\"><\/div><div class=\"fusion-separator fusion-full-width-sep\" style=\"margin-left: auto;margin-right: auto;margin-top:3px;margin-bottom:25px;width:100%;\"><\/div><div class=\"fusion-sep-clear\"><\/div><\/div><\/div><div class=\"fusion-clearfix\"><\/div><\/div><\/div><\/div><\/div><\/div><div id=\"cms\" class=\"fusion-container-anchor\"><div class=\"fusion-fullwidth fullwidth-box fusion-builder-row-2 nonhundred-percent-fullwidth non-hundred-percent-height-scrolling fusion-equal-height-columns\" style=\"--awb-border-radius-top-left:0px;--awb-border-radius-top-right:0px;--awb-border-radius-bottom-right:0px;--awb-border-radius-bottom-left:0px;--awb-padding-top:80px;--awb-padding-bottom:20px;--awb-flex-wrap:wrap;\" ><div class=\"fusion-builder-row fusion-row\"><div class=\"fusion-layout-column fusion_builder_column fusion-builder-column-2 fusion_builder_column_1_2 1_2 fusion-one-half fusion-column-first\" style=\"--awb-padding-top:10px;--awb-padding-right:10px;--awb-padding-bottom:10px;--awb-padding-left:10px;--awb-bg-size:cover;width:50%;width:calc(50% - ( ( 4% ) * 0.5 ) );margin-right: 4%;\"><div class=\"fusion-column-wrapper fusion-column-has-shadow fusion-flex-column-wrapper-legacy\"><div class=\"fusion-column-content-centered\"><div class=\"fusion-column-content\"><div class=\"fusion-text fusion-text-3\"><p><span style=\"color: #ff9900;\"><code><i class=\"fa fa-keyboard fa-1x orange\"><\/i><\/code><strong> REDIGERINGSVERKTYG<\/strong><\/span><\/p>\n<\/div><div class=\"fusion-text fusion-text-4\"><h2>Uppdatera PLUS appen enkelt<\/h2>\n<p>Med va\u030art enkla cms (content management system) kan du sta\u0308lla in och administrera allt inneha\u030all fo\u0308r dina guider.<\/p>\n<p>Du kan la\u0308gga upp nya turer och stopp, a\u0308ndra texter, la\u0308gga upp ljud, filmer osv. Du arbetar fra\u030an din egen dator i ett la\u0308ttbegripligt gra\u0308nssnitt.<\/p>\n<\/div><div class=\"fusion-sep-clear\"><\/div><div class=\"fusion-separator fusion-full-width-sep\" style=\"margin-left: auto;margin-right: auto;margin-top:3px;margin-bottom:6px;width:100%;\"><\/div><div class=\"fusion-sep-clear\"><\/div><\/div><\/div><div class=\"fusion-clearfix\"><\/div><\/div><\/div><div class=\"fusion-layout-column fusion_builder_column fusion-builder-column-3 fusion_builder_column_1_2 1_2 fusion-one-half fusion-column-last\" style=\"--awb-bg-size:cover;width:50%;width:calc(50% - ( ( 4% ) * 0.5 ) );\"><div class=\"fusion-column-wrapper fusion-column-has-shadow fusion-flex-column-wrapper-legacy\"><div class=\"fusion-column-content-centered\"><div class=\"fusion-column-content\"><div class=\"youtube-responsive-container\">\n<iframe width=\"571\" height=\"321\" src=\"https:\/\/www.youtube-nocookie.com\/embed\/CGRsp8whDN0\" frameborder=\"0\" allow=\"accelerometer; autoplay; encrypted-media; gyroscope; picture-in-picture\" allowfullscreen><\/iframe><\/div>\n<\/div><\/div><div class=\"fusion-clearfix\"><\/div><\/div><\/div><\/div><\/div><\/div><div class=\"fusion-fullwidth fullwidth-box fusion-builder-row-3 fusion-flex-container has-pattern-background has-mask-background nonhundred-percent-fullwidth non-hundred-percent-height-scrolling\" style=\"--awb-border-radius-top-left:0px;--awb-border-radius-top-right:0px;--awb-border-radius-bottom-right:0px;--awb-border-radius-bottom-left:0px;--awb-flex-wrap:wrap;\" ><div class=\"fusion-builder-row fusion-row fusion-flex-align-items-flex-start fusion-flex-content-wrap\" style=\"max-width:1144px;margin-left: calc(-4% \/ 2 );margin-right: calc(-4% \/ 2 );\"><div class=\"fusion-layout-column fusion_builder_column fusion-builder-column-4 fusion_builder_column_1_1 1_1 fusion-flex-column\" style=\"--awb-bg-size:cover;--awb-width-large:100%;--awb-margin-top-large:0px;--awb-spacing-right-large:1.92%;--awb-margin-bottom-large:40px;--awb-spacing-left-large:1.92%;--awb-width-medium:100%;--awb-order-medium:0;--awb-spacing-right-medium:1.92%;--awb-spacing-left-medium:1.92%;--awb-width-small:100%;--awb-order-small:0;--awb-spacing-right-small:1.92%;--awb-spacing-left-small:1.92%;\"><div class=\"fusion-column-wrapper fusion-column-has-shadow fusion-flex-justify-content-flex-start fusion-content-layout-column\"><div style=\"text-align:center;\"><a class=\"fusion-button button-flat fusion-button-default-size button-default fusion-button-default button-1 fusion-button-default-span fusion-button-default-type\" target=\"_self\" href=\"https:\/\/www.onspotstory.com\/index.php\/boka-demo\/\"><span class=\"fusion-button-text\">KONTAKTA OSS F\u00d6R OFFERT<\/span><\/a><\/div><\/div><\/div><\/div><\/div><\/p>\n","protected":false},"excerpt":{"rendered":"","protected":false},"author":1,"featured_media":0,"parent":0,"menu_order":0,"comment_status":"closed","ping_status":"closed","template":"","meta":{"footnotes":""},"class_list":["post-8819","page","type-page","status-publish","hentry"],"yoast_head":"<!-- This site is optimized with the Yoast SEO plugin v24.6 - https:\/\/yoast.com\/wordpress\/plugins\/seo\/ -->\n<title>H\u00e5rdvara f\u00f6r audioguider | OnSpotStory<\/title>\n<meta name=\"description\" content=\"Med v\u00e5ra PLUS enheter kan bes\u00f6karen ta del av alla guidefunktioner utan att ladda ner en app eller anv\u00e4nda sin egen mobiltelefon. Uppdatera inneh\u00e5llet enkelt.\" \/>\n<meta name=\"robots\" content=\"index, follow, max-snippet:-1, max-image-preview:large, max-video-preview:-1\" \/>\n<link rel=\"canonical\" href=\"https:\/\/www.onspotstory.com\/index.php\/plus-enheter\/\" \/>\n<meta property=\"og:locale\" content=\"sv_SE\" \/>\n<meta property=\"og:type\" content=\"article\" \/>\n<meta property=\"og:title\" content=\"H\u00e5rdvara f\u00f6r audioguider | OnSpotStory\" \/>\n<meta property=\"og:description\" content=\"Med v\u00e5ra PLUS enheter kan bes\u00f6karen ta del av alla guidefunktioner utan att ladda ner en app eller anv\u00e4nda sin egen mobiltelefon. Uppdatera inneh\u00e5llet enkelt.\" \/>\n<meta property=\"og:url\" content=\"https:\/\/www.onspotstory.com\/index.php\/plus-enheter\/\" \/>\n<meta property=\"og:site_name\" content=\"OnSpotStory\" \/>\n<meta property=\"article:publisher\" content=\"https:\/\/www.facebook.com\/OnSpotStoryEurope\/\" \/>\n<meta property=\"article:modified_time\" content=\"2022-11-25T12:46:53+00:00\" \/>\n<meta property=\"og:image\" content=\"https:\/\/www.onspotstory.com\/wp-content\/uploads\/2020\/06\/features_webapp_onebyone.png\" \/>\n\t<meta property=\"og:image:width\" content=\"400\" \/>\n\t<meta property=\"og:image:height\" content=\"700\" \/>\n\t<meta property=\"og:image:type\" content=\"image\/png\" \/>\n<meta name=\"twitter:card\" content=\"summary_large_image\" \/>\n<meta name=\"twitter:label1\" content=\"Ber\u00e4knad l\u00e4stid\" \/>\n\t<meta name=\"twitter:data1\" content=\"6 minuter\" \/>\n<script type=\"application\/ld+json\" class=\"yoast-schema-graph\">{\"@context\":\"https:\/\/schema.org\",\"@graph\":[{\"@type\":\"WebPage\",\"@id\":\"https:\/\/www.onspotstory.com\/index.php\/plus-enheter\/\",\"url\":\"https:\/\/www.onspotstory.com\/index.php\/plus-enheter\/\",\"name\":\"H\u00e5rdvara f\u00f6r audioguider | OnSpotStory\",\"isPartOf\":{\"@id\":\"https:\/\/www.onspotstory.com\/#website\"},\"datePublished\":\"2022-10-13T12:48:41+00:00\",\"dateModified\":\"2022-11-25T12:46:53+00:00\",\"description\":\"Med v\u00e5ra PLUS enheter kan bes\u00f6karen ta del av alla guidefunktioner utan att ladda ner en app eller anv\u00e4nda sin egen mobiltelefon. Uppdatera inneh\u00e5llet enkelt.\",\"breadcrumb\":{\"@id\":\"https:\/\/www.onspotstory.com\/index.php\/plus-enheter\/#breadcrumb\"},\"inLanguage\":\"sv-SE\",\"potentialAction\":[{\"@type\":\"ReadAction\",\"target\":[\"https:\/\/www.onspotstory.com\/index.php\/plus-enheter\/\"]}]},{\"@type\":\"BreadcrumbList\",\"@id\":\"https:\/\/www.onspotstory.com\/index.php\/plus-enheter\/#breadcrumb\",\"itemListElement\":[{\"@type\":\"ListItem\",\"position\":1,\"name\":\"Hem\",\"item\":\"https:\/\/www.onspotstory.com\/\"},{\"@type\":\"ListItem\",\"position\":2,\"name\":\"PLUS enheter\"}]},{\"@type\":\"WebSite\",\"@id\":\"https:\/\/www.onspotstory.com\/#website\",\"url\":\"https:\/\/www.onspotstory.com\/\",\"name\":\"OnSpotStory\",\"description\":\"Vi utvecklar appar f\u00f6r kommuner, museer och bes\u00f6ksm\u00e5l\",\"publisher\":{\"@id\":\"https:\/\/www.onspotstory.com\/#organization\"},\"potentialAction\":[{\"@type\":\"SearchAction\",\"target\":{\"@type\":\"EntryPoint\",\"urlTemplate\":\"https:\/\/www.onspotstory.com\/?s={search_term_string}\"},\"query-input\":{\"@type\":\"PropertyValueSpecification\",\"valueRequired\":true,\"valueName\":\"search_term_string\"}}],\"inLanguage\":\"sv-SE\"},{\"@type\":\"Organization\",\"@id\":\"https:\/\/www.onspotstory.com\/#organization\",\"name\":\"OnSpotStory\",\"url\":\"https:\/\/www.onspotstory.com\/\",\"logo\":{\"@type\":\"ImageObject\",\"inLanguage\":\"sv-SE\",\"@id\":\"https:\/\/www.onspotstory.com\/#\/schema\/logo\/image\/\",\"url\":\"https:\/\/www.onspotstory.com\/wp-content\/uploads\/2022\/09\/OSMS_logga_utanmost-1.png\",\"contentUrl\":\"https:\/\/www.onspotstory.com\/wp-content\/uploads\/2022\/09\/OSMS_logga_utanmost-1.png\",\"width\":250,\"height\":60,\"caption\":\"OnSpotStory\"},\"image\":{\"@id\":\"https:\/\/www.onspotstory.com\/#\/schema\/logo\/image\/\"},\"sameAs\":[\"https:\/\/www.facebook.com\/OnSpotStoryEurope\/\",\"https:\/\/www.instagram.com\/onspotstory_europe\/\",\"https:\/\/www.linkedin.com\/in\/staffangerlow\/\",\"https:\/\/www.youtube.com\/user\/OnSpotStory\"]}]}<\/script>\n<!-- \/ Yoast SEO plugin. -->","yoast_head_json":{"title":"H\u00e5rdvara f\u00f6r audioguider | OnSpotStory","description":"Med v\u00e5ra PLUS enheter kan bes\u00f6karen ta del av alla guidefunktioner utan att ladda ner en app eller anv\u00e4nda sin egen mobiltelefon. Uppdatera inneh\u00e5llet enkelt.","robots":{"index":"index","follow":"follow","max-snippet":"max-snippet:-1","max-image-preview":"max-image-preview:large","max-video-preview":"max-video-preview:-1"},"canonical":"https:\/\/www.onspotstory.com\/index.php\/plus-enheter\/","og_locale":"sv_SE","og_type":"article","og_title":"H\u00e5rdvara f\u00f6r audioguider | OnSpotStory","og_description":"Med v\u00e5ra PLUS enheter kan bes\u00f6karen ta del av alla guidefunktioner utan att ladda ner en app eller anv\u00e4nda sin egen mobiltelefon. Uppdatera inneh\u00e5llet enkelt.","og_url":"https:\/\/www.onspotstory.com\/index.php\/plus-enheter\/","og_site_name":"OnSpotStory","article_publisher":"https:\/\/www.facebook.com\/OnSpotStoryEurope\/","article_modified_time":"2022-11-25T12:46:53+00:00","og_image":[{"width":400,"height":700,"url":"https:\/\/www.onspotstory.com\/wp-content\/uploads\/2020\/06\/features_webapp_onebyone.png","type":"image\/png"}],"twitter_card":"summary_large_image","twitter_misc":{"Ber\u00e4knad l\u00e4stid":"6 minuter"},"schema":{"@context":"https:\/\/schema.org","@graph":[{"@type":"WebPage","@id":"https:\/\/www.onspotstory.com\/index.php\/plus-enheter\/","url":"https:\/\/www.onspotstory.com\/index.php\/plus-enheter\/","name":"H\u00e5rdvara f\u00f6r audioguider | OnSpotStory","isPartOf":{"@id":"https:\/\/www.onspotstory.com\/#website"},"datePublished":"2022-10-13T12:48:41+00:00","dateModified":"2022-11-25T12:46:53+00:00","description":"Med v\u00e5ra PLUS enheter kan bes\u00f6karen ta del av alla guidefunktioner utan att ladda ner en app eller anv\u00e4nda sin egen mobiltelefon. Uppdatera inneh\u00e5llet enkelt.","breadcrumb":{"@id":"https:\/\/www.onspotstory.com\/index.php\/plus-enheter\/#breadcrumb"},"inLanguage":"sv-SE","potentialAction":[{"@type":"ReadAction","target":["https:\/\/www.onspotstory.com\/index.php\/plus-enheter\/"]}]},{"@type":"BreadcrumbList","@id":"https:\/\/www.onspotstory.com\/index.php\/plus-enheter\/#breadcrumb","itemListElement":[{"@type":"ListItem","position":1,"name":"Hem","item":"https:\/\/www.onspotstory.com\/"},{"@type":"ListItem","position":2,"name":"PLUS enheter"}]},{"@type":"WebSite","@id":"https:\/\/www.onspotstory.com\/#website","url":"https:\/\/www.onspotstory.com\/","name":"OnSpotStory","description":"Vi utvecklar appar f\u00f6r kommuner, museer och bes\u00f6ksm\u00e5l","publisher":{"@id":"https:\/\/www.onspotstory.com\/#organization"},"potentialAction":[{"@type":"SearchAction","target":{"@type":"EntryPoint","urlTemplate":"https:\/\/www.onspotstory.com\/?s={search_term_string}"},"query-input":{"@type":"PropertyValueSpecification","valueRequired":true,"valueName":"search_term_string"}}],"inLanguage":"sv-SE"},{"@type":"Organization","@id":"https:\/\/www.onspotstory.com\/#organization","name":"OnSpotStory","url":"https:\/\/www.onspotstory.com\/","logo":{"@type":"ImageObject","inLanguage":"sv-SE","@id":"https:\/\/www.onspotstory.com\/#\/schema\/logo\/image\/","url":"https:\/\/www.onspotstory.com\/wp-content\/uploads\/2022\/09\/OSMS_logga_utanmost-1.png","contentUrl":"https:\/\/www.onspotstory.com\/wp-content\/uploads\/2022\/09\/OSMS_logga_utanmost-1.png","width":250,"height":60,"caption":"OnSpotStory"},"image":{"@id":"https:\/\/www.onspotstory.com\/#\/schema\/logo\/image\/"},"sameAs":["https:\/\/www.facebook.com\/OnSpotStoryEurope\/","https:\/\/www.instagram.com\/onspotstory_europe\/","https:\/\/www.linkedin.com\/in\/staffangerlow\/","https:\/\/www.youtube.com\/user\/OnSpotStory"]}]}},"_links":{"self":[{"href":"https:\/\/www.onspotstory.com\/index.php\/wp-json\/wp\/v2\/pages\/8819","targetHints":{"allow":["GET"]}}],"collection":[{"href":"https:\/\/www.onspotstory.com\/index.php\/wp-json\/wp\/v2\/pages"}],"about":[{"href":"https:\/\/www.onspotstory.com\/index.php\/wp-json\/wp\/v2\/types\/page"}],"author":[{"embeddable":true,"href":"https:\/\/www.onspotstory.com\/index.php\/wp-json\/wp\/v2\/users\/1"}],"replies":[{"embeddable":true,"href":"https:\/\/www.onspotstory.com\/index.php\/wp-json\/wp\/v2\/comments?post=8819"}],"version-history":[{"count":15,"href":"https:\/\/www.onspotstory.com\/index.php\/wp-json\/wp\/v2\/pages\/8819\/revisions"}],"predecessor-version":[{"id":9367,"href":"https:\/\/www.onspotstory.com\/index.php\/wp-json\/wp\/v2\/pages\/8819\/revisions\/9367"}],"wp:attachment":[{"href":"https:\/\/www.onspotstory.com\/index.php\/wp-json\/wp\/v2\/media?parent=8819"}],"curies":[{"name":"wp","href":"https:\/\/api.w.org\/{rel}","templated":true}]}}