{"id":6078,"date":"2020-05-26T08:28:26","date_gmt":"2020-05-26T08:28:26","guid":{"rendered":"https:\/\/www.onspotstory.com\/?page_id=6078"},"modified":"2022-11-25T13:22:25","modified_gmt":"2022-11-25T13:22:25","slug":"innehall","status":"publish","type":"page","link":"https:\/\/www.onspotstory.com\/index.php\/innehall\/","title":{"rendered":"Inneh\u00e5ll"},"content":{"rendered":"<p><div class=\"fusion-fullwidth fullwidth-box fusion-builder-row-1 has-pattern-background has-mask-background fusion-parallax-none nonhundred-percent-fullwidth non-hundred-percent-height-scrolling\" style=\"--awb-border-radius-top-left:0px;--awb-border-radius-top-right:0px;--awb-border-radius-bottom-right:0px;--awb-border-radius-bottom-left:0px;--awb-padding-top:225px;--awb-padding-bottom:225px;--awb-background-image:url(&quot;https:\/\/www.onspotstory.com\/wp-content\/uploads\/2022\/11\/Contentproduction-4.png&quot;);--awb-background-size:cover;--awb-flex-wrap:wrap;\" ><div class=\"fusion-builder-row fusion-row\"><div class=\"fusion-layout-column fusion_builder_column fusion-builder-column-0 fusion_builder_column_1_1 1_1 fusion-one-full fusion-column-first fusion-column-last\" style=\"--awb-bg-size:cover;\"><div class=\"fusion-column-wrapper fusion-column-has-shadow fusion-flex-column-wrapper-legacy\"><div class=\"fusion-clearfix\"><\/div><\/div><\/div><\/div><\/div><div class=\"fusion-fullwidth fullwidth-box fusion-builder-row-2 nonhundred-percent-fullwidth non-hundred-percent-height-scrolling\" style=\"--awb-border-radius-top-left:0px;--awb-border-radius-top-right:0px;--awb-border-radius-bottom-right:0px;--awb-border-radius-bottom-left:0px;--awb-padding-top:20px;--awb-padding-bottom:35px;--awb-flex-wrap:wrap;\" ><div class=\"fusion-builder-row fusion-row\"><div class=\"fusion-layout-column fusion_builder_column fusion-builder-column-1 fusion_builder_column_1_1 1_1 fusion-one-full fusion-column-first fusion-column-last\" style=\"--awb-bg-size:cover;\"><div class=\"fusion-column-wrapper fusion-column-has-shadow fusion-flex-column-wrapper-legacy\"><div class=\"fusion-text fusion-text-1\"><h1>Inneh\u00e5llet \u2013 det viktigaste av allt<\/h1>\n<\/div><div class=\"fusion-clearfix\"><\/div><\/div><\/div><div class=\"fusion-layout-column fusion_builder_column fusion-builder-column-2 fusion_builder_column_1_2 1_2 fusion-one-half fusion-column-first\" style=\"--awb-bg-size:cover;width:50%;width:calc(50% - ( ( 4% ) * 0.5 ) );margin-right: 4%;\"><div class=\"fusion-column-wrapper fusion-column-has-shadow fusion-flex-column-wrapper-legacy\"><div class=\"fusion-text fusion-text-2\"><p>Vad vill ni ber\u00e4tta? Det \u00e4r era ber\u00e4ttelser som skapar bes\u00f6karnas upplevelser. Att ta fram inneh\u00e5ll \u00e4r ofta tidskr\u00e4vande men ocks\u00e5 det roligaste att jobba med!<\/p>\n<\/div><div class=\"fusion-clearfix\"><\/div><\/div><\/div><div class=\"fusion-layout-column fusion_builder_column fusion-builder-column-3 fusion_builder_column_1_2 1_2 fusion-one-half fusion-column-last\" style=\"--awb-bg-size:cover;width:50%;width:calc(50% - ( ( 4% ) * 0.5 ) );\"><div class=\"fusion-column-wrapper fusion-column-has-shadow fusion-flex-column-wrapper-legacy\"><div class=\"fusion-text fusion-text-3\"><p>Vi hj\u00e4lper g\u00e4rna till med allt fr\u00e5n id\u00e9er till produktion och inspelning. Vi har b\u00e5de kompetens inhouse, ett stort n\u00e4tverk och samarbetar med ljudstudios, redakt\u00f6rer och content producenter.<\/p>\n<\/div><div class=\"fusion-clearfix\"><\/div><\/div><\/div><\/div><\/div><div class=\"fusion-fullwidth fullwidth-box fusion-builder-row-3 nonhundred-percent-fullwidth non-hundred-percent-height-scrolling\" style=\"--awb-border-radius-top-left:0px;--awb-border-radius-top-right:0px;--awb-border-radius-bottom-right:0px;--awb-border-radius-bottom-left:0px;--awb-padding-bottom:30px;--awb-flex-wrap:wrap;\" ><div class=\"fusion-builder-row fusion-row\"><div class=\"fusion-layout-column fusion_builder_column fusion-builder-column-4 fusion_builder_column_1_2 1_2 fusion-one-half fusion-column-first\" style=\"--awb-padding-top:50px;--awb-padding-right:25px;--awb-padding-bottom:50px;--awb-padding-left:25px;--awb-overflow:hidden;--awb-bg-color:var(--awb-color3);--awb-bg-color-hover:var(--awb-color3);--awb-bg-size:cover;--awb-border-color:#ffab2d;--awb-border-top:0;--awb-border-right:0;--awb-border-bottom:0;--awb-border-left:0;--awb-border-style:solid;--awb-border-radius:10px 10px 10px 10px;width:50%;width:calc(50% - ( ( 4% ) * 0.5 ) );margin-right: 4%;\"><div class=\"fusion-column-wrapper fusion-column-has-shadow fusion-flex-column-wrapper-legacy\"><div class=\"fusion-fa-align-center\"><i class=\"fb-icon-element-1 fb-icon-element fontawesome-icon fa-microphone fas circle-no\" style=\"--awb-iconcolor:var(--awb-color8);--awb-font-size:60px;\"><\/i><\/div><div class=\"fusion-sep-clear\"><\/div><div class=\"fusion-separator fusion-full-width-sep\" style=\"margin-left: auto;margin-right: auto;margin-top:20px;width:100%;\"><\/div><div class=\"fusion-sep-clear\"><\/div><div class=\"fusion-text fusion-text-4\"><p style=\"text-align: center;\"><span style=\"color: #000000;\">Paketerbjudande \u2013 Ljud<\/span><\/p>\n<\/div><div class=\"fusion-text fusion-text-5\"><h2 style=\"text-align: center;\">Fixa proffsigt ljud i studio med rutinerad speaker!<\/h2>\n<\/div><div class=\"fusion-sep-clear\"><\/div><div class=\"fusion-separator fusion-has-icon fusion-full-width-sep\" style=\"margin-left: auto;margin-right: auto;margin-top:20px;width:100%;\"><\/div><div class=\"fusion-sep-clear\"><\/div><div class=\"fusion-text fusion-text-6\"><p style=\"text-align: center;\">Lyssna p\u00e5 ett exempel fr\u00e5n <a href=\"https:\/\/www.onspotstory.com\/index.php\/historiska-ar\/\">Historiska museets barnaudioguide<\/a> &#8217;Det ensamma lejonet&#8217;!<\/p>\n<\/div><div class=\"fusion-audio fusion-audio-1\" style=\"--awb-progress-color:var(--awb-color1);--awb-border-color:var(--awb-color1);--awb-background-color:var(--awb-color8);--awb-max-width:100%;--awb-border-size:0;--awb-border-top-left-radius:0px;--awb-border-top-right-radius:0px;--awb-border-bottom-right-radius:0px;--awb-border-bottom-left-radius:0px;\"><!--[if lt IE 9]><script>document.createElement('audio');<\/script><![endif]-->\n<audio class=\"wp-audio-shortcode\" id=\"audio-6078-1\" preload=\"none\" style=\"width: 100%;\" controls=\"controls\"><source type=\"audio\/mpeg\" src=\"https:\/\/www.onspotstory.com\/wp-content\/uploads\/2020\/05\/7-Birgittaarmen.mp3?_=1\" \/><a href=\"https:\/\/www.onspotstory.com\/wp-content\/uploads\/2020\/05\/7-Birgittaarmen.mp3\">https:\/\/www.onspotstory.com\/wp-content\/uploads\/2020\/05\/7-Birgittaarmen.mp3<\/a><\/audio><\/div><div class=\"fusion-sep-clear\"><\/div><div class=\"fusion-separator fusion-has-icon fusion-full-width-sep\" style=\"margin-left: auto;margin-right: auto;margin-top:50px;width:100%;\"><\/div><div class=\"fusion-sep-clear\"><\/div><div class=\"fusion-text fusion-text-7\"><p style=\"text-align: center;\">Detta f\u00e5r du:<\/p>\n<p style=\"text-align: center;\"><code><i class=\"fa fa-check fa-1x orange\"><\/i><\/code>\u00a0 Inspelning i studio<\/p>\n<p style=\"text-align: center;\"><code><i class=\"fa fa-check fa-1x orange\"><\/i><\/code>\u00a0 Klippning och efterarbete<\/p>\n<\/div><div class=\"fusion-sep-clear\"><\/div><div class=\"fusion-separator fusion-full-width-sep\" style=\"margin-left: auto;margin-right: auto;margin-top:3px;margin-bottom:3px;width:100%;\"><\/div><div class=\"fusion-sep-clear\"><\/div><div class=\"fusion-text fusion-text-8\"><h3 style=\"text-align: center;\">Pris: fr\u00e5n 12 000 kr ex. moms<\/h3>\n<\/div><div class=\"fusion-sep-clear\"><\/div><div class=\"fusion-separator fusion-full-width-sep\" style=\"margin-left: auto;margin-right: auto;margin-top:3px;margin-bottom:3px;width:100%;\"><\/div><div class=\"fusion-sep-clear\"><\/div><div class=\"fusion-text fusion-text-9\"><p style=\"text-align: center;\"><span style=\"color: #000000; font-size: smaller;\"><em>Inspelningen sker i Stockholm och priset \u00e4r ber\u00e4knat p\u00e5 cirka 2000 ord.<\/em><\/span><\/p>\n<\/div><div class=\"fusion-sep-clear\"><\/div><div class=\"fusion-separator fusion-full-width-sep\" style=\"margin-left: auto;margin-right: auto;margin-top:3px;margin-bottom:3px;width:100%;\"><\/div><div class=\"fusion-sep-clear\"><\/div><div class=\"fusion-aligncenter\"><a class=\"fusion-button button-flat fusion-button-default-size button-default fusion-button-default button-1 fusion-button-default-span fusion-button-default-type\" style=\"--button_text_transform:uppercase;\" target=\"_self\" href=\"https:\/\/www.onspotstory.com\/index.php\/kontakt-2\/\"><span class=\"fusion-button-text\">Kontakta oss f\u00f6r studiotid<\/span><\/a><\/div><div class=\"fusion-clearfix\"><\/div><\/div><\/div><div class=\"fusion-layout-column fusion_builder_column fusion-builder-column-5 fusion_builder_column_1_2 1_2 fusion-one-half fusion-column-last\" style=\"--awb-padding-top:50px;--awb-padding-right:25px;--awb-padding-bottom:50px;--awb-padding-left:25px;--awb-overflow:hidden;--awb-bg-color:var(--awb-color5);--awb-bg-color-hover:var(--awb-color5);--awb-bg-size:cover;--awb-border-radius:5px 5px 5px 5px;width:50%;width:calc(50% - ( ( 4% ) * 0.5 ) );\"><div class=\"fusion-column-wrapper fusion-column-has-shadow fusion-flex-column-wrapper-legacy\"><div class=\"fusion-fa-align-center\"><i class=\"fb-icon-element-2 fb-icon-element fontawesome-icon fa-user-edit fas circle-no\" style=\"--awb-iconcolor:var(--awb-color8);--awb-font-size:60px;\"><\/i><\/div><div class=\"fusion-sep-clear\"><\/div><div class=\"fusion-separator fusion-full-width-sep\" style=\"margin-left: auto;margin-right: auto;margin-top:20px;width:100%;\"><\/div><div class=\"fusion-sep-clear\"><\/div><div class=\"fusion-text fusion-text-10\"><p style=\"text-align: center;\"><span style=\"color: #000000;\">Inneh\u00e5ll till audioguide<\/span><\/p>\n<\/div><div class=\"fusion-text fusion-text-11\"><h2 style=\"text-align: center;\">Manus och redakt\u00f6r<\/h2>\n<\/div><div class=\"fusion-text fusion-text-12\"><p style=\"text-align: center;\">Vi hj\u00e4lper er g\u00e4rna att ta fram inneh\u00e5ll och manus f\u00f6r er guide-app. Priset beror p\u00e5 hur m\u00e5nga guider\/stopp ni vill ha och hur mycket research som kr\u00e4vs.<\/p>\n<\/div><div class=\"fusion-sep-clear\"><\/div><div class=\"fusion-separator fusion-has-icon fusion-full-width-sep\" style=\"margin-left: auto;margin-right: auto;margin-top:20px;width:100%;\"><\/div><div class=\"fusion-sep-clear\"><\/div><div class=\"fusion-text fusion-text-13\"><p style=\"text-align: center;\">Prisexempel<br \/>\nManus audioguide med 10 stopp \u00e1 200 ord:<br \/>\n20 000 kr ex moms.<\/p>\n<\/div><div class=\"fusion-aligncenter\"><a class=\"fusion-button button-flat fusion-button-default-size button-default fusion-button-default button-2 fusion-button-default-span fusion-button-default-type\" style=\"--button_text_transform:uppercase;\" target=\"_self\" href=\"https:\/\/www.onspotstory.com\/index.php\/kontakt-2\/\"><span class=\"fusion-button-text\">Kontakta oss f\u00f6r offert<\/span><\/a><\/div><div class=\"fusion-clearfix\"><\/div><\/div><\/div><\/div><\/div><div class=\"fusion-fullwidth fullwidth-box fusion-builder-row-4 nonhundred-percent-fullwidth non-hundred-percent-height-scrolling\" style=\"--awb-border-radius-top-left:0px;--awb-border-radius-top-right:0px;--awb-border-radius-bottom-right:0px;--awb-border-radius-bottom-left:0px;--awb-padding-top:20px;--awb-flex-wrap:wrap;\" ><div class=\"fusion-builder-row fusion-row\"><div class=\"fusion-layout-column fusion_builder_column fusion-builder-column-6 fusion_builder_column_1_1 1_1 fusion-one-full fusion-column-first fusion-column-last\" style=\"--awb-bg-size:cover;\"><div class=\"fusion-column-wrapper fusion-column-has-shadow fusion-flex-column-wrapper-legacy\"><div class=\"fusion-text fusion-text-14\"><h2 style=\"text-align: center;\">H\u00e4r samlar vi inneh\u00e5llstips och inspiration<\/h2>\n<\/div><div class=\"fusion-clearfix\"><\/div><\/div><\/div><\/div><\/div><div class=\"fusion-fullwidth fullwidth-box fusion-builder-row-5 nonhundred-percent-fullwidth non-hundred-percent-height-scrolling\" style=\"--awb-border-radius-top-left:0px;--awb-border-radius-top-right:0px;--awb-border-radius-bottom-right:0px;--awb-border-radius-bottom-left:0px;--awb-background-color:rgba(255,255,255,0.09);--awb-flex-wrap:wrap;\" ><div class=\"fusion-builder-row fusion-row\"><div class=\"fusion-layout-column fusion_builder_column fusion-builder-column-7 fusion_builder_column_1_1 1_1 fusion-one-full fusion-column-first fusion-column-last\" style=\"--awb-bg-size:cover;\"><div class=\"fusion-column-wrapper fusion-column-has-shadow fusion-flex-column-wrapper-legacy\"><div class=\"fusion-recent-posts fusion-recent-posts-1 avada-container layout-default layout-columns-3\"><section class=\"fusion-columns columns fusion-columns-3 columns-3\"><article class=\"post fusion-column column col col-lg-4 col-md-4 col-sm-4\"><div class=\"fusion-flexslider fusion-flexslider-loading flexslider flexslider-hover-type-none\"><ul class=\"slides\"><li><a href=\"https:\/\/www.onspotstory.com\/index.php\/fran-besok-till-insikt-hur-en-app-kan-lyfta-er-verksamhet\/\" aria-label=\"Fr\u00e5n bes\u00f6k till insikt \u2013 Hur en app kan lyfta er verksamhet\" class=\"hover-type-none\"><img decoding=\"async\" width=\"700\" height=\"441\" src=\"https:\/\/www.onspotstory.com\/wp-content\/uploads\/2025\/04\/L_Cover-700x441.jpg\" class=\"attachment-recent-posts size-recent-posts\" alt=\"\" srcset=\"https:\/\/www.onspotstory.com\/wp-content\/uploads\/2025\/04\/L_Cover-320x202.jpg 320w, https:\/\/www.onspotstory.com\/wp-content\/uploads\/2025\/04\/L_Cover-700x441.jpg 700w\" sizes=\"(max-width: 700px) 100vw, 700px\" \/><\/a><\/li><\/ul><\/div><div class=\"recent-posts-content\"><h4 class=\"entry-title\"><a href=\"https:\/\/www.onspotstory.com\/index.php\/fran-besok-till-insikt-hur-en-app-kan-lyfta-er-verksamhet\/\">Fr\u00e5n bes\u00f6k till insikt \u2013 Hur en app kan lyfta er verksamhet<\/a><\/h4><p> Jobbar du f\u00f6r en kommun, ett museum eller ett bes\u00f6ksm\u00e5l? Funderar ni p\u00e5 att investera i en app f\u00f6r att f\u00f6rb\u00e4ttra bes\u00f6ksupplevelsen? D\u00e5 \u00e4r ni l\u00e5ngt ifr\u00e5n ensamma \u2013 och det finns goda sk\u00e4l<a href=\"https:\/\/www.onspotstory.com\/index.php\/fran-besok-till-insikt-hur-en-app-kan-lyfta-er-verksamhet\/\"> [...]<\/a><\/p><\/div><\/article><article class=\"post fusion-column column col col-lg-4 col-md-4 col-sm-4\"><div class=\"fusion-flexslider fusion-flexslider-loading flexslider flexslider-hover-type-none\"><ul class=\"slides\"><li><a href=\"https:\/\/www.onspotstory.com\/index.php\/hur-skapar-man-en-riktigt-bra-platsbaserad-app\/\" aria-label=\"Hur skapar man en riktigt bra platsbaserad app?\" class=\"hover-type-none\"><img decoding=\"async\" width=\"700\" height=\"441\" src=\"https:\/\/www.onspotstory.com\/wp-content\/uploads\/2025\/02\/intervjubild3-700x441.png\" class=\"attachment-recent-posts size-recent-posts\" alt=\"\" srcset=\"https:\/\/www.onspotstory.com\/wp-content\/uploads\/2025\/02\/intervjubild3-320x202.png 320w, https:\/\/www.onspotstory.com\/wp-content\/uploads\/2025\/02\/intervjubild3-700x441.png 700w\" sizes=\"(max-width: 700px) 100vw, 700px\" \/><\/a><\/li><\/ul><\/div><div class=\"recent-posts-content\"><h4 class=\"entry-title\"><a href=\"https:\/\/www.onspotstory.com\/index.php\/hur-skapar-man-en-riktigt-bra-platsbaserad-app\/\">Hur skapar man en riktigt bra platsbaserad app?<\/a><\/h4><p> Det \u00e4r en fr\u00e5ga som b\u00e5de vi p\u00e5 OnSpotStory och v\u00e5ra kunder inom bes\u00f6ksn\u00e4ringen st\u00e4ller oss flera g\u00e5nger varje dag \u2013 och som studenterna Annika Andreasson och Sandra Andersson nyligen djupd\u00f6k i f\u00f6r sitt<a href=\"https:\/\/www.onspotstory.com\/index.php\/hur-skapar-man-en-riktigt-bra-platsbaserad-app\/\"> [...]<\/a><\/p><\/div><\/article><article class=\"post fusion-column column col col-lg-4 col-md-4 col-sm-4\"><div class=\"fusion-flexslider fusion-flexslider-loading flexslider flexslider-hover-type-none\"><ul class=\"slides\"><li><a href=\"https:\/\/www.onspotstory.com\/index.php\/ar-workshop-uppsala\/\" aria-label=\"AR-workshop i Uppsala\" class=\"hover-type-none\"><img decoding=\"async\" width=\"700\" height=\"441\" src=\"https:\/\/www.onspotstory.com\/wp-content\/uploads\/2023\/12\/ARworkshopUppsala-700x441.png\" class=\"attachment-recent-posts size-recent-posts\" alt=\"\" srcset=\"https:\/\/www.onspotstory.com\/wp-content\/uploads\/2023\/12\/ARworkshopUppsala-320x202.png 320w, https:\/\/www.onspotstory.com\/wp-content\/uploads\/2023\/12\/ARworkshopUppsala-700x441.png 700w\" sizes=\"(max-width: 700px) 100vw, 700px\" \/><\/a><\/li><\/ul><\/div><div class=\"recent-posts-content\"><h4 class=\"entry-title\"><a href=\"https:\/\/www.onspotstory.com\/index.php\/ar-workshop-uppsala\/\">AR-workshop i Uppsala<\/a><\/h4><p> Appen Uppsala konst och kulturarv lanserades v\u00e5ren 2022. Sedan dess har inneh\u00e5llet i appen v\u00e4xt med m\u00e5nga fler konstrundor, historiska vandringar, quiz och po\u00e4ngspel. F\u00f6r att inspirera och s\u00e4nka tr\u00f6sklarna f\u00f6r fler att arbeta<a href=\"https:\/\/www.onspotstory.com\/index.php\/ar-workshop-uppsala\/\"> [...]<\/a><\/p><\/div><\/article><\/section><\/div><div class=\"fusion-clearfix\"><\/div><\/div><\/div><\/div><\/div><\/p>\n","protected":false},"excerpt":{"rendered":"","protected":false},"author":1,"featured_media":0,"parent":0,"menu_order":0,"comment_status":"closed","ping_status":"closed","template":"100-width.php","meta":{"footnotes":""},"class_list":["post-6078","page","type-page","status-publish","hentry"],"yoast_head":"<!-- This site is optimized with the Yoast SEO plugin v24.6 - https:\/\/yoast.com\/wordpress\/plugins\/seo\/ -->\n<title>Vi kan content | OnSpotStory<\/title>\n<meta name=\"description\" content=\"Vi kan hj\u00e4lpa till med allt fr\u00e5n ljudinspelning till audioguidesmanus, filminspelning, animationer och produktion av 3D modeller.\" \/>\n<meta name=\"robots\" content=\"index, follow, max-snippet:-1, max-image-preview:large, max-video-preview:-1\" \/>\n<link rel=\"canonical\" href=\"https:\/\/www.onspotstory.com\/index.php\/innehall\/\" \/>\n<meta property=\"og:locale\" content=\"sv_SE\" \/>\n<meta property=\"og:type\" content=\"article\" \/>\n<meta property=\"og:title\" content=\"Vi kan content | OnSpotStory\" \/>\n<meta property=\"og:description\" content=\"Vi kan hj\u00e4lpa till med allt fr\u00e5n ljudinspelning till audioguidesmanus, filminspelning, animationer och produktion av 3D modeller.\" \/>\n<meta property=\"og:url\" content=\"https:\/\/www.onspotstory.com\/index.php\/innehall\/\" \/>\n<meta property=\"og:site_name\" content=\"OnSpotStory\" \/>\n<meta property=\"article:publisher\" content=\"https:\/\/www.facebook.com\/OnSpotStoryEurope\/\" \/>\n<meta property=\"article:modified_time\" content=\"2022-11-25T13:22:25+00:00\" \/>\n<meta property=\"og:image\" content=\"https:\/\/www.onspotstory.com\/wp-content\/uploads\/2020\/05\/ikoner-och-hexagoner-popup2.png\" \/>\n\t<meta property=\"og:image:width\" content=\"444\" \/>\n\t<meta property=\"og:image:height\" content=\"469\" \/>\n\t<meta property=\"og:image:type\" content=\"image\/png\" \/>\n<meta name=\"twitter:card\" content=\"summary_large_image\" \/>\n<meta name=\"twitter:label1\" content=\"Ber\u00e4knad l\u00e4stid\" \/>\n\t<meta name=\"twitter:data1\" content=\"9 minuter\" \/>\n<script type=\"application\/ld+json\" class=\"yoast-schema-graph\">{\"@context\":\"https:\/\/schema.org\",\"@graph\":[{\"@type\":\"WebPage\",\"@id\":\"https:\/\/www.onspotstory.com\/index.php\/innehall\/\",\"url\":\"https:\/\/www.onspotstory.com\/index.php\/innehall\/\",\"name\":\"Vi kan content | OnSpotStory\",\"isPartOf\":{\"@id\":\"https:\/\/www.onspotstory.com\/#website\"},\"datePublished\":\"2020-05-26T08:28:26+00:00\",\"dateModified\":\"2022-11-25T13:22:25+00:00\",\"description\":\"Vi kan hj\u00e4lpa till med allt fr\u00e5n ljudinspelning till audioguidesmanus, filminspelning, animationer och produktion av 3D modeller.\",\"breadcrumb\":{\"@id\":\"https:\/\/www.onspotstory.com\/index.php\/innehall\/#breadcrumb\"},\"inLanguage\":\"sv-SE\",\"potentialAction\":[{\"@type\":\"ReadAction\",\"target\":[\"https:\/\/www.onspotstory.com\/index.php\/innehall\/\"]}]},{\"@type\":\"BreadcrumbList\",\"@id\":\"https:\/\/www.onspotstory.com\/index.php\/innehall\/#breadcrumb\",\"itemListElement\":[{\"@type\":\"ListItem\",\"position\":1,\"name\":\"Hem\",\"item\":\"https:\/\/www.onspotstory.com\/\"},{\"@type\":\"ListItem\",\"position\":2,\"name\":\"Inneh\u00e5ll\"}]},{\"@type\":\"WebSite\",\"@id\":\"https:\/\/www.onspotstory.com\/#website\",\"url\":\"https:\/\/www.onspotstory.com\/\",\"name\":\"OnSpotStory\",\"description\":\"Vi utvecklar appar f\u00f6r kommuner, museer och bes\u00f6ksm\u00e5l\",\"publisher\":{\"@id\":\"https:\/\/www.onspotstory.com\/#organization\"},\"potentialAction\":[{\"@type\":\"SearchAction\",\"target\":{\"@type\":\"EntryPoint\",\"urlTemplate\":\"https:\/\/www.onspotstory.com\/?s={search_term_string}\"},\"query-input\":{\"@type\":\"PropertyValueSpecification\",\"valueRequired\":true,\"valueName\":\"search_term_string\"}}],\"inLanguage\":\"sv-SE\"},{\"@type\":\"Organization\",\"@id\":\"https:\/\/www.onspotstory.com\/#organization\",\"name\":\"OnSpotStory\",\"url\":\"https:\/\/www.onspotstory.com\/\",\"logo\":{\"@type\":\"ImageObject\",\"inLanguage\":\"sv-SE\",\"@id\":\"https:\/\/www.onspotstory.com\/#\/schema\/logo\/image\/\",\"url\":\"https:\/\/www.onspotstory.com\/wp-content\/uploads\/2022\/09\/OSMS_logga_utanmost-1.png\",\"contentUrl\":\"https:\/\/www.onspotstory.com\/wp-content\/uploads\/2022\/09\/OSMS_logga_utanmost-1.png\",\"width\":250,\"height\":60,\"caption\":\"OnSpotStory\"},\"image\":{\"@id\":\"https:\/\/www.onspotstory.com\/#\/schema\/logo\/image\/\"},\"sameAs\":[\"https:\/\/www.facebook.com\/OnSpotStoryEurope\/\",\"https:\/\/www.instagram.com\/onspotstory_europe\/\",\"https:\/\/www.linkedin.com\/in\/staffangerlow\/\",\"https:\/\/www.youtube.com\/user\/OnSpotStory\"]}]}<\/script>\n<!-- \/ Yoast SEO plugin. -->","yoast_head_json":{"title":"Vi kan content | OnSpotStory","description":"Vi kan hj\u00e4lpa till med allt fr\u00e5n ljudinspelning till audioguidesmanus, filminspelning, animationer och produktion av 3D modeller.","robots":{"index":"index","follow":"follow","max-snippet":"max-snippet:-1","max-image-preview":"max-image-preview:large","max-video-preview":"max-video-preview:-1"},"canonical":"https:\/\/www.onspotstory.com\/index.php\/innehall\/","og_locale":"sv_SE","og_type":"article","og_title":"Vi kan content | OnSpotStory","og_description":"Vi kan hj\u00e4lpa till med allt fr\u00e5n ljudinspelning till audioguidesmanus, filminspelning, animationer och produktion av 3D modeller.","og_url":"https:\/\/www.onspotstory.com\/index.php\/innehall\/","og_site_name":"OnSpotStory","article_publisher":"https:\/\/www.facebook.com\/OnSpotStoryEurope\/","article_modified_time":"2022-11-25T13:22:25+00:00","og_image":[{"width":444,"height":469,"url":"https:\/\/www.onspotstory.com\/wp-content\/uploads\/2020\/05\/ikoner-och-hexagoner-popup2.png","type":"image\/png"}],"twitter_card":"summary_large_image","twitter_misc":{"Ber\u00e4knad l\u00e4stid":"9 minuter"},"schema":{"@context":"https:\/\/schema.org","@graph":[{"@type":"WebPage","@id":"https:\/\/www.onspotstory.com\/index.php\/innehall\/","url":"https:\/\/www.onspotstory.com\/index.php\/innehall\/","name":"Vi kan content | OnSpotStory","isPartOf":{"@id":"https:\/\/www.onspotstory.com\/#website"},"datePublished":"2020-05-26T08:28:26+00:00","dateModified":"2022-11-25T13:22:25+00:00","description":"Vi kan hj\u00e4lpa till med allt fr\u00e5n ljudinspelning till audioguidesmanus, filminspelning, animationer och produktion av 3D modeller.","breadcrumb":{"@id":"https:\/\/www.onspotstory.com\/index.php\/innehall\/#breadcrumb"},"inLanguage":"sv-SE","potentialAction":[{"@type":"ReadAction","target":["https:\/\/www.onspotstory.com\/index.php\/innehall\/"]}]},{"@type":"BreadcrumbList","@id":"https:\/\/www.onspotstory.com\/index.php\/innehall\/#breadcrumb","itemListElement":[{"@type":"ListItem","position":1,"name":"Hem","item":"https:\/\/www.onspotstory.com\/"},{"@type":"ListItem","position":2,"name":"Inneh\u00e5ll"}]},{"@type":"WebSite","@id":"https:\/\/www.onspotstory.com\/#website","url":"https:\/\/www.onspotstory.com\/","name":"OnSpotStory","description":"Vi utvecklar appar f\u00f6r kommuner, museer och bes\u00f6ksm\u00e5l","publisher":{"@id":"https:\/\/www.onspotstory.com\/#organization"},"potentialAction":[{"@type":"SearchAction","target":{"@type":"EntryPoint","urlTemplate":"https:\/\/www.onspotstory.com\/?s={search_term_string}"},"query-input":{"@type":"PropertyValueSpecification","valueRequired":true,"valueName":"search_term_string"}}],"inLanguage":"sv-SE"},{"@type":"Organization","@id":"https:\/\/www.onspotstory.com\/#organization","name":"OnSpotStory","url":"https:\/\/www.onspotstory.com\/","logo":{"@type":"ImageObject","inLanguage":"sv-SE","@id":"https:\/\/www.onspotstory.com\/#\/schema\/logo\/image\/","url":"https:\/\/www.onspotstory.com\/wp-content\/uploads\/2022\/09\/OSMS_logga_utanmost-1.png","contentUrl":"https:\/\/www.onspotstory.com\/wp-content\/uploads\/2022\/09\/OSMS_logga_utanmost-1.png","width":250,"height":60,"caption":"OnSpotStory"},"image":{"@id":"https:\/\/www.onspotstory.com\/#\/schema\/logo\/image\/"},"sameAs":["https:\/\/www.facebook.com\/OnSpotStoryEurope\/","https:\/\/www.instagram.com\/onspotstory_europe\/","https:\/\/www.linkedin.com\/in\/staffangerlow\/","https:\/\/www.youtube.com\/user\/OnSpotStory"]}]}},"_links":{"self":[{"href":"https:\/\/www.onspotstory.com\/index.php\/wp-json\/wp\/v2\/pages\/6078","targetHints":{"allow":["GET"]}}],"collection":[{"href":"https:\/\/www.onspotstory.com\/index.php\/wp-json\/wp\/v2\/pages"}],"about":[{"href":"https:\/\/www.onspotstory.com\/index.php\/wp-json\/wp\/v2\/types\/page"}],"author":[{"embeddable":true,"href":"https:\/\/www.onspotstory.com\/index.php\/wp-json\/wp\/v2\/users\/1"}],"replies":[{"embeddable":true,"href":"https:\/\/www.onspotstory.com\/index.php\/wp-json\/wp\/v2\/comments?post=6078"}],"version-history":[{"count":161,"href":"https:\/\/www.onspotstory.com\/index.php\/wp-json\/wp\/v2\/pages\/6078\/revisions"}],"predecessor-version":[{"id":9494,"href":"https:\/\/www.onspotstory.com\/index.php\/wp-json\/wp\/v2\/pages\/6078\/revisions\/9494"}],"wp:attachment":[{"href":"https:\/\/www.onspotstory.com\/index.php\/wp-json\/wp\/v2\/media?parent=6078"}],"curies":[{"name":"wp","href":"https:\/\/api.w.org\/{rel}","templated":true}]}}