{"id":4675,"date":"2019-06-19T14:20:10","date_gmt":"2019-06-19T14:20:10","guid":{"rendered":"https:\/\/www.dev.onspotstory.com\/?page_id=4675"},"modified":"2025-01-07T16:05:21","modified_gmt":"2025-01-07T16:05:21","slug":"kontakt-2","status":"publish","type":"page","link":"https:\/\/www.onspotstory.com\/index.php\/kontakt-2\/","title":{"rendered":"Kontakt"},"content":{"rendered":"<div class=\"fusion-fullwidth fullwidth-box fusion-builder-row-1 fusion-flex-container has-pattern-background has-mask-background nonhundred-percent-fullwidth non-hundred-percent-height-scrolling fusion-animated\" style=\"--awb-border-radius-top-left:0px;--awb-border-radius-top-right:0px;--awb-border-radius-bottom-right:0px;--awb-border-radius-bottom-left:0px;--awb-padding-top:50px;--awb-padding-bottom:50px;--awb-background-color:var(--awb-color1);--awb-flex-wrap:wrap;\" data-animationType=\"fadeInUp\" data-animationDuration=\"0.3\" data-animationOffset=\"top-into-view\" ><div class=\"fusion-builder-row fusion-row fusion-flex-align-items-flex-start fusion-flex-content-wrap\" style=\"max-width:1144px;margin-left: calc(-4% \/ 2 );margin-right: calc(-4% \/ 2 );\"><div class=\"fusion-layout-column fusion_builder_column fusion-builder-column-0 fusion_builder_column_1_1 1_1 fusion-flex-column\" style=\"--awb-bg-size:cover;--awb-width-large:100%;--awb-margin-top-large:0px;--awb-spacing-right-large:1.92%;--awb-margin-bottom-large:20px;--awb-spacing-left-large:1.92%;--awb-width-medium:100%;--awb-order-medium:0;--awb-spacing-right-medium:1.92%;--awb-spacing-left-medium:1.92%;--awb-width-small:100%;--awb-order-small:0;--awb-spacing-right-small:1.92%;--awb-spacing-left-small:1.92%;\"><div class=\"fusion-column-wrapper fusion-column-has-shadow fusion-flex-justify-content-flex-start fusion-content-layout-column\"><div class=\"fusion-text fusion-text-1\"><h1 class=\"fusion-responsive-typography-calculated\" style=\"text-align: center;\" data-fontsize=\"36\" data-lineheight=\"54px\">Vi vill g\u00e4rna prata med dig!<\/h1>\n<\/div><\/div><\/div><div class=\"fusion-layout-column fusion_builder_column fusion-builder-column-1 fusion_builder_column_1_2 1_2 fusion-flex-column\" style=\"--awb-bg-size:cover;--awb-width-large:50%;--awb-margin-top-large:0px;--awb-spacing-right-large:3.84%;--awb-margin-bottom-large:20px;--awb-spacing-left-large:3.84%;--awb-width-medium:100%;--awb-order-medium:0;--awb-spacing-right-medium:1.92%;--awb-spacing-left-medium:1.92%;--awb-width-small:100%;--awb-order-small:0;--awb-spacing-right-small:1.92%;--awb-spacing-left-small:1.92%;\"><div class=\"fusion-column-wrapper fusion-column-has-shadow fusion-flex-justify-content-flex-start fusion-content-layout-column\"><div class=\"fusion-text fusion-text-2\"><p style=\"text-align: left;\">Vill du veta mer om v\u00e5r app-plattform, f\u00e5 en demo eller har andra funderingar.<\/p>\n<p style=\"text-align: left;\">Fyll i kontaktformul\u00e4ret eller h\u00f6r av dig direkt p\u00e5 telefon eller mejl.<\/p>\n<\/div><div class=\"fusion-text fusion-text-3\"><p class=\"fusion-responsive-typography-calculated\" data-fontsize=\"18\" data-lineheight=\"27px\"><a href=\"mailto:staffan@onspotstory.com\">info@onspotstory.com<\/a><br \/>\n<a href=\"tel:0106410551\">010-641 05 51<\/a><\/p>\n<p class=\"fusion-responsive-typography-calculated\" data-fontsize=\"18\" data-lineheight=\"27px\">Bes\u00f6ksadress:<br \/>\nOnSpotStory AB<br \/>\n<a href=\"https:\/\/goo.gl\/maps\/vtXsMUDnaTbqe5YP6\" target=\"_blank\" rel=\"noopener\">Malmg\u00e5rdsv\u00e4gen 63<\/a>, 2tr<br \/>\nStockholm<\/p>\n<\/div><div class=\"fusion-image-element \" style=\"--awb-caption-title-font-family:var(--h2_typography-font-family);--awb-caption-title-font-weight:var(--h2_typography-font-weight);--awb-caption-title-font-style:var(--h2_typography-font-style);--awb-caption-title-size:var(--h2_typography-font-size);--awb-caption-title-transform:var(--h2_typography-text-transform);--awb-caption-title-line-height:var(--h2_typography-line-height);--awb-caption-title-letter-spacing:var(--h2_typography-letter-spacing);\"><span class=\" fusion-imageframe imageframe-none imageframe-1 hover-type-none\"><a class=\"fusion-no-lightbox\" href=\"https:\/\/www.google.com\/maps\/place\/OnSpotStory\/@59.3099116,18.087046,16z\/data=!4m5!3m4!1s0x0:0xe7a15c8371c57479!8m2!3d59.3089306!4d18.0912629\" target=\"_blank\" aria-label=\"Screenshot 2022-11-10 at 15.16.23\" rel=\"noopener noreferrer\"><img decoding=\"async\" width=\"511\" height=\"332\" src=\"https:\/\/www.onspotstory.com\/wp-content\/uploads\/2022\/11\/Screenshot-2022-11-10-at-15.16.23.png\" alt class=\"img-responsive wp-image-9195\" srcset=\"https:\/\/www.onspotstory.com\/wp-content\/uploads\/2022\/11\/Screenshot-2022-11-10-at-15.16.23-200x130.png 200w, https:\/\/www.onspotstory.com\/wp-content\/uploads\/2022\/11\/Screenshot-2022-11-10-at-15.16.23-400x260.png 400w, https:\/\/www.onspotstory.com\/wp-content\/uploads\/2022\/11\/Screenshot-2022-11-10-at-15.16.23.png 511w\" sizes=\"(max-width: 1024px) 100vw, (max-width: 640px) 100vw, 511px\" \/><\/a><\/span><\/div><\/div><\/div><div class=\"fusion-layout-column fusion_builder_column fusion-builder-column-2 fusion_builder_column_1_2 1_2 fusion-flex-column\" style=\"--awb-padding-top:20px;--awb-overflow:hidden;--awb-bg-color:var(--awb-color2);--awb-bg-color-hover:var(--awb-color2);--awb-bg-size:cover;--awb-border-radius:20px 20px 20px 20px;--awb-width-large:50%;--awb-margin-top-large:0px;--awb-spacing-right-large:3.84%;--awb-margin-bottom-large:20px;--awb-spacing-left-large:3.84%;--awb-width-medium:100%;--awb-order-medium:0;--awb-spacing-right-medium:1.92%;--awb-spacing-left-medium:1.92%;--awb-width-small:100%;--awb-order-small:0;--awb-spacing-right-small:1.92%;--awb-spacing-left-small:1.92%;\"><div class=\"fusion-column-wrapper fusion-column-has-shadow fusion-flex-justify-content-flex-start fusion-content-layout-column\"><div class=\"fusion-form fusion-form-builder fusion-form-form-wrapper fusion-form-8647\" style=\"--awb-tooltip-text-color:#ffffff;--awb-tooltip-background-color:#333333;--awb-form-placeholder-color:rgba(63,63,63,0.5);--awb-form-text-color:#3f3f3f;--awb-form-focus-border-color:#606060;--awb-form-focus-border-hover-color:rgba(96,96,96,0.5);\" data-form-id=\"8647\" data-config=\"{&quot;form_id&quot;:8647,&quot;form_post_id&quot;:8647,&quot;post_id&quot;:4675,&quot;form_type&quot;:&quot;ajax&quot;,&quot;confirmation_type&quot;:&quot;message&quot;,&quot;redirect_url&quot;:&quot;&quot;,&quot;field_labels&quot;:{&quot;namn&quot;:&quot;Namn&quot;,&quot;mailadress&quot;:&quot;Mailadress (n\\u00f6dv\\u00e4ndig)&quot;,&quot;telefonnummer&quot;:&quot;Telefonnummer (valfri)&quot;,&quot;hur_vill_du_att_vi_kontaktar_dig&quot;:&quot;Hur vill du att vi kontaktar dig?&quot;},&quot;field_logics&quot;:{&quot;namn&quot;:&quot;&quot;,&quot;mailadress&quot;:&quot;&quot;,&quot;telefonnummer&quot;:&quot;&quot;,&quot;hur_vill_du_att_vi_kontaktar_dig&quot;:&quot;&quot;,&quot;notice_1&quot;:&quot;&quot;},&quot;field_types&quot;:{&quot;namn&quot;:&quot;text&quot;,&quot;mailadress&quot;:&quot;email&quot;,&quot;telefonnummer&quot;:&quot;phone_number&quot;,&quot;hur_vill_du_att_vi_kontaktar_dig&quot;:&quot;checkbox&quot;,&quot;submit_1&quot;:&quot;submit&quot;,&quot;notice_1&quot;:&quot;notice&quot;},&quot;nonce_method&quot;:&quot;ajax&quot;}\"><form action=\"https:\/\/www.onspotstory.com\/index.php\/kontakt-2\/\" method=\"post\" class=\"fusion-form fusion-form-8647\"><div class=\"fusion-fullwidth fullwidth-box fusion-builder-row-1-1 fusion-flex-container has-pattern-background has-mask-background nonhundred-percent-fullwidth non-hundred-percent-height-scrolling\" style=\"--awb-border-radius-top-left:0px;--awb-border-radius-top-right:0px;--awb-border-radius-bottom-right:0px;--awb-border-radius-bottom-left:0px;--awb-flex-wrap:wrap;\" ><div class=\"fusion-builder-row fusion-row fusion-flex-align-items-flex-start fusion-flex-content-wrap\" style=\"width:104% !important;max-width:104% !important;margin-left: calc(-4% \/ 2 );margin-right: calc(-4% \/ 2 );\"><div class=\"fusion-layout-column fusion_builder_column fusion-builder-column-3 fusion_builder_column_1_1 1_1 fusion-flex-column\" style=\"--awb-bg-size:cover;--awb-width-large:100%;--awb-margin-top-large:0px;--awb-spacing-right-large:1.92%;--awb-margin-bottom-large:20px;--awb-spacing-left-large:1.92%;--awb-width-medium:100%;--awb-order-medium:0;--awb-spacing-right-medium:1.92%;--awb-spacing-left-medium:1.92%;--awb-width-small:100%;--awb-order-small:0;--awb-spacing-right-small:1.92%;--awb-spacing-left-small:1.92%;\"><div class=\"fusion-column-wrapper fusion-column-has-shadow fusion-flex-justify-content-flex-start fusion-content-layout-column\"><div class=\"fusion-form-field fusion-form-text-field fusion-form-label-above\" style=\"\" data-form-id=\"8647\"><div class=\"fusion-form-label-wrapper\"><label for=\"namn\">Namn <abbr class=\"fusion-form-element-required\" title=\"required\">*<\/abbr><\/label><\/div><input type=\"text\" name=\"namn\" id=\"namn\" value=\"\"  class=\"fusion-form-input\" required=\"true\" aria-required=\"true\" data-holds-private-data=\"false\" minlength=\"0\"\/><\/div><div class=\"fusion-form-field fusion-form-email-field fusion-form-label-above\" style=\"\" data-form-id=\"8647\"><div class=\"fusion-form-label-wrapper\"><label for=\"mailadress\">Mailadress (n\u00f6dv\u00e4ndig) <abbr class=\"fusion-form-element-required\" title=\"required\">*<\/abbr><\/label><\/div><input type=\"email\" name=\"mailadress\" id=\"mailadress\" value=\"\"  class=\"fusion-form-input\" required=\"true\" aria-required=\"true\" data-holds-private-data=\"false\"\/><\/div><div class=\"fusion-form-field fusion-form-phone-number-field fusion-form-label-above\" style=\"\" data-form-id=\"8647\"><div class=\"fusion-form-label-wrapper\"><label for=\"telefonnummer\">Telefonnummer (valfri)<\/label><\/div><input type=\"tel\" name=\"telefonnummer\" id=\"telefonnummer\" value=\"\"  class=\"fusion-form-input\" data-holds-private-data=\"false\"\/><\/div><div class=\"fusion-form-field fusion-form-checkbox-field fusion-form-label-above\" style=\"\" data-form-id=\"8647\"><div class=\"fusion-form-label-wrapper\"><span class=\"label\">Hur vill du att vi kontaktar dig?<\/span><\/div><fieldset data-awb-fieldset-min-required=\"0\" data-awb-fieldset-max-required=\"0\" data-awb-fieldset-error=\"\"><div class=\"fusion-form-checkbox\"><input tabindex=\"\" id=\"checkbox-hur_vill_du_att_vi_kontaktar_dig-1-0\" type=\"checkbox\" value=\"Kontakta mig p\u00e5 telefon\" name=\"hur_vill_du_att_vi_kontaktar_dig[]\" class=\"fusion-form-input\" data-holds-private-data=\"false\"\/><label for=\"checkbox-hur_vill_du_att_vi_kontaktar_dig-1-0\">Kontakta mig p\u00e5 telefon<\/label><\/div><div class=\"fusion-form-checkbox\"><input tabindex=\"\" id=\"checkbox-hur_vill_du_att_vi_kontaktar_dig-1-1\" type=\"checkbox\" value=\"Kontakta mig via mail\" name=\"hur_vill_du_att_vi_kontaktar_dig[]\" class=\"fusion-form-input\" data-holds-private-data=\"false\"\/><label for=\"checkbox-hur_vill_du_att_vi_kontaktar_dig-1-1\">Kontakta mig via mail<\/label><\/div><div class=\"fusion-form-checkbox\"><input tabindex=\"\" id=\"checkbox-hur_vill_du_att_vi_kontaktar_dig-1-2\" type=\"checkbox\" value=\"Ja tack, jag vill ha nyhetsbrev\" name=\"hur_vill_du_att_vi_kontaktar_dig[]\" class=\"fusion-form-input\" data-holds-private-data=\"false\"\/><label for=\"checkbox-hur_vill_du_att_vi_kontaktar_dig-1-2\">Ja tack, jag vill ha nyhetsbrev<\/label><\/div><\/fieldset><\/div><div class=\"fusion-form-field fusion-form-submit-field fusion-form-label-above\" style=\"\" data-form-id=\"8647\"><div ><button type=\"submit\" class=\"fusion-button button-flat fusion-button-default-size button-default fusion-button-default button-1 fusion-button-default-span  form-form-submit button-default\" data-form-number=\"8647\" tabindex=\"\"><span class=\"fusion-button-text\">Skicka<\/span><\/button><\/div><\/div><div class=\"form-submission-notices data-notice_1\" id=\"fusion-notices-1\"><div class=\"fusion-alert alert success alert-success fusion-alert-center fusion-form-response fusion-form-response-success fusion-alert-capitalize awb-alert-native-link-color alert-dismissable awb-alert-close-boxed\" role=\"alert\"><div class=\"fusion-alert-content-wrapper\"><span class=\"alert-icon\"><i class=\"awb-icon-check-circle\" aria-hidden=\"true\"><\/i><\/span><span class=\"fusion-alert-content\">Kul! Vi h\u00f6r av oss inom kort .<\/span><\/div><button type=\"button\" class=\"close toggle-alert\" data-dismiss=\"alert\" aria-label=\"Close\">&times;<\/button><\/div><div class=\"fusion-alert alert error alert-danger fusion-alert-center fusion-form-response fusion-form-response-error fusion-alert-capitalize awb-alert-native-link-color alert-dismissable awb-alert-close-boxed\" role=\"alert\"><div class=\"fusion-alert-content-wrapper\"><span class=\"alert-icon\"><i class=\"awb-icon-exclamation-triangle\" aria-hidden=\"true\"><\/i><\/span><span class=\"fusion-alert-content\">N\u00e5got blev fel, v\u00e4nligen f\u00f6rs\u00f6k igen.<\/span><\/div><button type=\"button\" class=\"close toggle-alert\" data-dismiss=\"alert\" aria-label=\"Close\">&times;<\/button><\/div><\/div><\/div><\/div><\/div><\/div><input type=\"hidden\" name=\"fusion_privacy_store_ip_ua\" value=\"false\"><input type=\"hidden\" name=\"fusion_privacy_expiration_interval\" value=\"48\"><input type=\"hidden\" name=\"privacy_expiration_action\" value=\"anonymize\"><\/form><\/div><\/div><\/div><\/div><\/div>\n","protected":false},"excerpt":{"rendered":"","protected":false},"author":1,"featured_media":0,"parent":0,"menu_order":0,"comment_status":"closed","ping_status":"closed","template":"100-width.php","meta":{"footnotes":""},"class_list":["post-4675","page","type-page","status-publish","hentry"],"yoast_head":"<!-- This site is optimized with the Yoast SEO plugin v24.6 - https:\/\/yoast.com\/wordpress\/plugins\/seo\/ -->\n<title>Kontakta oss | OnSpotStory<\/title>\n<meta name=\"description\" content=\"Nyfiken p\u00e5 appar f\u00f6r museer och bes\u00f6ksm\u00e5l? H\u00f6r av dig till oss s\u00e5 ber\u00e4ttar vi mer.\" \/>\n<meta name=\"robots\" content=\"index, follow, max-snippet:-1, max-image-preview:large, max-video-preview:-1\" \/>\n<link rel=\"canonical\" href=\"https:\/\/www.onspotstory.com\/index.php\/kontakt-2\/\" \/>\n<meta property=\"og:locale\" content=\"sv_SE\" \/>\n<meta property=\"og:type\" content=\"article\" \/>\n<meta property=\"og:title\" content=\"Kontakta oss | OnSpotStory\" \/>\n<meta property=\"og:description\" content=\"Nyfiken p\u00e5 appar f\u00f6r museer och bes\u00f6ksm\u00e5l? H\u00f6r av dig till oss s\u00e5 ber\u00e4ttar vi mer.\" \/>\n<meta property=\"og:url\" content=\"https:\/\/www.onspotstory.com\/index.php\/kontakt-2\/\" \/>\n<meta property=\"og:site_name\" content=\"OnSpotStory\" \/>\n<meta property=\"article:publisher\" content=\"https:\/\/www.facebook.com\/OnSpotStoryEurope\/\" \/>\n<meta property=\"article:modified_time\" content=\"2025-01-07T16:05:21+00:00\" \/>\n<meta name=\"twitter:card\" content=\"summary_large_image\" \/>\n<meta name=\"twitter:label1\" content=\"Ber\u00e4knad l\u00e4stid\" \/>\n\t<meta name=\"twitter:data1\" content=\"1 minut\" \/>\n<script type=\"application\/ld+json\" class=\"yoast-schema-graph\">{\"@context\":\"https:\/\/schema.org\",\"@graph\":[{\"@type\":\"WebPage\",\"@id\":\"https:\/\/www.onspotstory.com\/index.php\/kontakt-2\/\",\"url\":\"https:\/\/www.onspotstory.com\/index.php\/kontakt-2\/\",\"name\":\"Kontakta oss | OnSpotStory\",\"isPartOf\":{\"@id\":\"https:\/\/www.onspotstory.com\/#website\"},\"datePublished\":\"2019-06-19T14:20:10+00:00\",\"dateModified\":\"2025-01-07T16:05:21+00:00\",\"description\":\"Nyfiken p\u00e5 appar f\u00f6r museer och bes\u00f6ksm\u00e5l? H\u00f6r av dig till oss s\u00e5 ber\u00e4ttar vi mer.\",\"breadcrumb\":{\"@id\":\"https:\/\/www.onspotstory.com\/index.php\/kontakt-2\/#breadcrumb\"},\"inLanguage\":\"sv-SE\",\"potentialAction\":[{\"@type\":\"ReadAction\",\"target\":[\"https:\/\/www.onspotstory.com\/index.php\/kontakt-2\/\"]}]},{\"@type\":\"BreadcrumbList\",\"@id\":\"https:\/\/www.onspotstory.com\/index.php\/kontakt-2\/#breadcrumb\",\"itemListElement\":[{\"@type\":\"ListItem\",\"position\":1,\"name\":\"Hem\",\"item\":\"https:\/\/www.onspotstory.com\/\"},{\"@type\":\"ListItem\",\"position\":2,\"name\":\"Kontakt\"}]},{\"@type\":\"WebSite\",\"@id\":\"https:\/\/www.onspotstory.com\/#website\",\"url\":\"https:\/\/www.onspotstory.com\/\",\"name\":\"OnSpotStory\",\"description\":\"Vi utvecklar appar f\u00f6r kommuner, museer och bes\u00f6ksm\u00e5l\",\"publisher\":{\"@id\":\"https:\/\/www.onspotstory.com\/#organization\"},\"potentialAction\":[{\"@type\":\"SearchAction\",\"target\":{\"@type\":\"EntryPoint\",\"urlTemplate\":\"https:\/\/www.onspotstory.com\/?s={search_term_string}\"},\"query-input\":{\"@type\":\"PropertyValueSpecification\",\"valueRequired\":true,\"valueName\":\"search_term_string\"}}],\"inLanguage\":\"sv-SE\"},{\"@type\":\"Organization\",\"@id\":\"https:\/\/www.onspotstory.com\/#organization\",\"name\":\"OnSpotStory\",\"url\":\"https:\/\/www.onspotstory.com\/\",\"logo\":{\"@type\":\"ImageObject\",\"inLanguage\":\"sv-SE\",\"@id\":\"https:\/\/www.onspotstory.com\/#\/schema\/logo\/image\/\",\"url\":\"https:\/\/www.onspotstory.com\/wp-content\/uploads\/2022\/09\/OSMS_logga_utanmost-1.png\",\"contentUrl\":\"https:\/\/www.onspotstory.com\/wp-content\/uploads\/2022\/09\/OSMS_logga_utanmost-1.png\",\"width\":250,\"height\":60,\"caption\":\"OnSpotStory\"},\"image\":{\"@id\":\"https:\/\/www.onspotstory.com\/#\/schema\/logo\/image\/\"},\"sameAs\":[\"https:\/\/www.facebook.com\/OnSpotStoryEurope\/\",\"https:\/\/www.instagram.com\/onspotstory_europe\/\",\"https:\/\/www.linkedin.com\/in\/staffangerlow\/\",\"https:\/\/www.youtube.com\/user\/OnSpotStory\"]}]}<\/script>\n<!-- \/ Yoast SEO plugin. -->","yoast_head_json":{"title":"Kontakta oss | OnSpotStory","description":"Nyfiken p\u00e5 appar f\u00f6r museer och bes\u00f6ksm\u00e5l? H\u00f6r av dig till oss s\u00e5 ber\u00e4ttar vi mer.","robots":{"index":"index","follow":"follow","max-snippet":"max-snippet:-1","max-image-preview":"max-image-preview:large","max-video-preview":"max-video-preview:-1"},"canonical":"https:\/\/www.onspotstory.com\/index.php\/kontakt-2\/","og_locale":"sv_SE","og_type":"article","og_title":"Kontakta oss | OnSpotStory","og_description":"Nyfiken p\u00e5 appar f\u00f6r museer och bes\u00f6ksm\u00e5l? H\u00f6r av dig till oss s\u00e5 ber\u00e4ttar vi mer.","og_url":"https:\/\/www.onspotstory.com\/index.php\/kontakt-2\/","og_site_name":"OnSpotStory","article_publisher":"https:\/\/www.facebook.com\/OnSpotStoryEurope\/","article_modified_time":"2025-01-07T16:05:21+00:00","twitter_card":"summary_large_image","twitter_misc":{"Ber\u00e4knad l\u00e4stid":"1 minut"},"schema":{"@context":"https:\/\/schema.org","@graph":[{"@type":"WebPage","@id":"https:\/\/www.onspotstory.com\/index.php\/kontakt-2\/","url":"https:\/\/www.onspotstory.com\/index.php\/kontakt-2\/","name":"Kontakta oss | OnSpotStory","isPartOf":{"@id":"https:\/\/www.onspotstory.com\/#website"},"datePublished":"2019-06-19T14:20:10+00:00","dateModified":"2025-01-07T16:05:21+00:00","description":"Nyfiken p\u00e5 appar f\u00f6r museer och bes\u00f6ksm\u00e5l? H\u00f6r av dig till oss s\u00e5 ber\u00e4ttar vi mer.","breadcrumb":{"@id":"https:\/\/www.onspotstory.com\/index.php\/kontakt-2\/#breadcrumb"},"inLanguage":"sv-SE","potentialAction":[{"@type":"ReadAction","target":["https:\/\/www.onspotstory.com\/index.php\/kontakt-2\/"]}]},{"@type":"BreadcrumbList","@id":"https:\/\/www.onspotstory.com\/index.php\/kontakt-2\/#breadcrumb","itemListElement":[{"@type":"ListItem","position":1,"name":"Hem","item":"https:\/\/www.onspotstory.com\/"},{"@type":"ListItem","position":2,"name":"Kontakt"}]},{"@type":"WebSite","@id":"https:\/\/www.onspotstory.com\/#website","url":"https:\/\/www.onspotstory.com\/","name":"OnSpotStory","description":"Vi utvecklar appar f\u00f6r kommuner, museer och bes\u00f6ksm\u00e5l","publisher":{"@id":"https:\/\/www.onspotstory.com\/#organization"},"potentialAction":[{"@type":"SearchAction","target":{"@type":"EntryPoint","urlTemplate":"https:\/\/www.onspotstory.com\/?s={search_term_string}"},"query-input":{"@type":"PropertyValueSpecification","valueRequired":true,"valueName":"search_term_string"}}],"inLanguage":"sv-SE"},{"@type":"Organization","@id":"https:\/\/www.onspotstory.com\/#organization","name":"OnSpotStory","url":"https:\/\/www.onspotstory.com\/","logo":{"@type":"ImageObject","inLanguage":"sv-SE","@id":"https:\/\/www.onspotstory.com\/#\/schema\/logo\/image\/","url":"https:\/\/www.onspotstory.com\/wp-content\/uploads\/2022\/09\/OSMS_logga_utanmost-1.png","contentUrl":"https:\/\/www.onspotstory.com\/wp-content\/uploads\/2022\/09\/OSMS_logga_utanmost-1.png","width":250,"height":60,"caption":"OnSpotStory"},"image":{"@id":"https:\/\/www.onspotstory.com\/#\/schema\/logo\/image\/"},"sameAs":["https:\/\/www.facebook.com\/OnSpotStoryEurope\/","https:\/\/www.instagram.com\/onspotstory_europe\/","https:\/\/www.linkedin.com\/in\/staffangerlow\/","https:\/\/www.youtube.com\/user\/OnSpotStory"]}]}},"_links":{"self":[{"href":"https:\/\/www.onspotstory.com\/index.php\/wp-json\/wp\/v2\/pages\/4675","targetHints":{"allow":["GET"]}}],"collection":[{"href":"https:\/\/www.onspotstory.com\/index.php\/wp-json\/wp\/v2\/pages"}],"about":[{"href":"https:\/\/www.onspotstory.com\/index.php\/wp-json\/wp\/v2\/types\/page"}],"author":[{"embeddable":true,"href":"https:\/\/www.onspotstory.com\/index.php\/wp-json\/wp\/v2\/users\/1"}],"replies":[{"embeddable":true,"href":"https:\/\/www.onspotstory.com\/index.php\/wp-json\/wp\/v2\/comments?post=4675"}],"version-history":[{"count":159,"href":"https:\/\/www.onspotstory.com\/index.php\/wp-json\/wp\/v2\/pages\/4675\/revisions"}],"predecessor-version":[{"id":12202,"href":"https:\/\/www.onspotstory.com\/index.php\/wp-json\/wp\/v2\/pages\/4675\/revisions\/12202"}],"wp:attachment":[{"href":"https:\/\/www.onspotstory.com\/index.php\/wp-json\/wp\/v2\/media?parent=4675"}],"curies":[{"name":"wp","href":"https:\/\/api.w.org\/{rel}","templated":true}]}}