{"id":12104,"date":"2024-12-12T08:14:38","date_gmt":"2024-12-12T08:14:38","guid":{"rendered":"https:\/\/www.onspotstory.com\/?page_id=12104"},"modified":"2024-12-19T08:52:46","modified_gmt":"2024-12-19T08:52:46","slug":"jobba-hos-oss","status":"publish","type":"page","link":"https:\/\/www.onspotstory.com\/index.php\/jobba-hos-oss\/","title":{"rendered":"Jobba hos oss"},"content":{"rendered":"<p><div class=\"fusion-fullwidth fullwidth-box fusion-builder-row-1 fusion-flex-container has-pattern-background has-mask-background fusion-parallax-none nonhundred-percent-fullwidth non-hundred-percent-height-scrolling\" style=\"--awb-border-radius-top-left:0px;--awb-border-radius-top-right:0px;--awb-border-radius-bottom-right:0px;--awb-border-radius-bottom-left:0px;--awb-padding-top:200px;--awb-padding-bottom:200px;--awb-background-image:url(&quot;https:\/\/www.onspotstory.com\/wp-content\/uploads\/2024\/12\/Stillbildossfilm.png&quot;);--awb-background-size:cover;--awb-flex-wrap:wrap;\" ><div class=\"fusion-builder-row fusion-row fusion-flex-align-items-flex-start fusion-flex-content-wrap\" style=\"max-width:1144px;margin-left: calc(-4% \/ 2 );margin-right: calc(-4% \/ 2 );\"><div class=\"fusion-layout-column fusion_builder_column fusion-builder-column-0 fusion_builder_column_1_1 1_1 fusion-flex-column\" style=\"--awb-bg-size:cover;--awb-width-large:100%;--awb-margin-top-large:0px;--awb-spacing-right-large:1.92%;--awb-margin-bottom-large:20px;--awb-spacing-left-large:1.92%;--awb-width-medium:100%;--awb-spacing-right-medium:1.92%;--awb-spacing-left-medium:1.92%;--awb-width-small:100%;--awb-spacing-right-small:1.92%;--awb-spacing-left-small:1.92%;\"><div class=\"fusion-column-wrapper fusion-column-has-shadow fusion-flex-justify-content-flex-start fusion-content-layout-column\"><\/div><\/div><\/div><\/div><div class=\"fusion-fullwidth fullwidth-box fusion-builder-row-2 fusion-flex-container nonhundred-percent-fullwidth non-hundred-percent-height-scrolling\" style=\"--awb-border-radius-top-left:0px;--awb-border-radius-top-right:0px;--awb-border-radius-bottom-right:0px;--awb-border-radius-bottom-left:0px;--awb-padding-top:20px;--awb-padding-bottom:35px;--awb-flex-wrap:wrap;\" ><div class=\"fusion-builder-row fusion-row fusion-flex-align-items-flex-start fusion-flex-content-wrap\" style=\"max-width:1144px;margin-left: calc(-4% \/ 2 );margin-right: calc(-4% \/ 2 );\"><div class=\"fusion-layout-column fusion_builder_column fusion-builder-column-1 fusion_builder_column_1_1 1_1 fusion-flex-column\" style=\"--awb-bg-size:cover;--awb-width-large:100%;--awb-margin-top-large:0px;--awb-spacing-right-large:1.92%;--awb-margin-bottom-large:20px;--awb-spacing-left-large:1.92%;--awb-width-medium:100%;--awb-spacing-right-medium:1.92%;--awb-spacing-left-medium:1.92%;--awb-width-small:100%;--awb-spacing-right-small:1.92%;--awb-spacing-left-small:1.92%;\"><div class=\"fusion-column-wrapper fusion-column-has-shadow fusion-flex-justify-content-flex-start fusion-content-layout-column\"><div class=\"fusion-text fusion-text-1\"><h1>Jobba hos oss \u2013 Forma framtidens digitala bes\u00f6ksupplevelser<\/h1>\n<\/div><\/div><\/div><div class=\"fusion-layout-column fusion_builder_column fusion-builder-column-2 fusion_builder_column_1_2 1_2 fusion-flex-column\" style=\"--awb-bg-size:cover;--awb-width-large:50%;--awb-margin-top-large:0px;--awb-spacing-right-large:3.84%;--awb-margin-bottom-large:20px;--awb-spacing-left-large:3.84%;--awb-width-medium:100%;--awb-spacing-right-medium:1.92%;--awb-spacing-left-medium:1.92%;--awb-width-small:100%;--awb-spacing-right-small:1.92%;--awb-spacing-left-small:1.92%;\"><div class=\"fusion-column-wrapper fusion-column-has-shadow fusion-flex-justify-content-flex-start fusion-content-layout-column\"><div class=\"fusion-text fusion-text-2\"><div class=\"page\" title=\"Page 17\">\n<div class=\"section\">\n<div class=\"layoutArea\">\n<div class=\"column\">\n<p>Vill du vara med och skapa engagerande digitala upplevelser f\u00f6r n\u00e5gra av Sveriges mest sp\u00e4nnande museer, turistdestinationer och kommuner? P\u00e5 OnSpotStory utvecklar vi appar som ber\u00e4ttar historier, guidar bes\u00f6kare och \u00f6ppnar upp platser p\u00e5 nya s\u00e4tt. Vi letar nu efter kreativa och drivna personer som vill v\u00e4xa tillsammans med oss.<\/p>\n<\/div>\n<\/div>\n<\/div>\n<\/div>\n<\/div><\/div><\/div><div class=\"fusion-layout-column fusion_builder_column fusion-builder-column-3 fusion_builder_column_1_2 1_2 fusion-flex-column\" style=\"--awb-bg-size:cover;--awb-width-large:50%;--awb-margin-top-large:0px;--awb-spacing-right-large:3.84%;--awb-margin-bottom-large:20px;--awb-spacing-left-large:3.84%;--awb-width-medium:100%;--awb-spacing-right-medium:1.92%;--awb-spacing-left-medium:1.92%;--awb-width-small:100%;--awb-spacing-right-small:1.92%;--awb-spacing-left-small:1.92%;\"><div class=\"fusion-column-wrapper fusion-column-has-shadow fusion-flex-justify-content-flex-start fusion-content-layout-column\"><div class=\"fusion-text fusion-text-3\"><div class=\"page\" title=\"Page 17\">\n<div class=\"section\">\n<div class=\"layoutArea\">\n<div class=\"column\">\n<p>Hos oss f\u00e5r du en dynamisk och utvecklande arbetsmilj\u00f6 i ett v\u00e4xande f\u00f6retag. Vi \u00e4r ett litet team d\u00e4r id\u00e9er snabbt blir verklighet. Du f\u00e5r jobba med inspirerande kunder och projekt inom kultur och turism \u2013 och bidra till att f\u00f6rh\u00f6ja och f\u00f6rdjupa deras bes\u00f6karupplevelser.<\/p>\n<p style=\"text-align: left;\">\n<\/div>\n<\/div>\n<\/div>\n<\/div>\n<\/div><\/div><\/div><\/div><\/div><div class=\"fusion-fullwidth fullwidth-box fusion-builder-row-3 fusion-flex-container has-pattern-background has-mask-background nonhundred-percent-fullwidth non-hundred-percent-height-scrolling\" style=\"--awb-border-radius-top-left:0px;--awb-border-radius-top-right:0px;--awb-border-radius-bottom-right:0px;--awb-border-radius-bottom-left:0px;--awb-flex-wrap:wrap;\" ><div class=\"fusion-builder-row fusion-row fusion-flex-align-items-flex-start fusion-flex-content-wrap\" style=\"max-width:1144px;margin-left: calc(-4% \/ 2 );margin-right: calc(-4% \/ 2 );\"><div class=\"fusion-layout-column fusion_builder_column fusion-builder-column-4 fusion_builder_column_1_1 1_1 fusion-flex-column\" style=\"--awb-bg-size:cover;--awb-width-large:100%;--awb-margin-top-large:0px;--awb-spacing-right-large:1.92%;--awb-margin-bottom-large:20px;--awb-spacing-left-large:1.92%;--awb-width-medium:100%;--awb-order-medium:0;--awb-spacing-right-medium:1.92%;--awb-spacing-left-medium:1.92%;--awb-width-small:100%;--awb-order-small:0;--awb-spacing-right-small:1.92%;--awb-spacing-left-small:1.92%;\"><div class=\"fusion-column-wrapper fusion-column-has-shadow fusion-flex-justify-content-flex-start fusion-content-layout-column\"><div class=\"fusion-text fusion-text-4\"><h4 style=\"text-align: center;\">Just nu har vi inga lediga tj\u00e4nster men du f\u00e5r g\u00e4rna h\u00f6ra av dig med en spontanans\u00f6kan om du har kompetenser som du tror kan passa OnSpotStory. Mejla till staffan@onspotstory.com<\/h4>\n<\/div><\/div><\/div><\/div><\/div><div class=\"fusion-fullwidth fullwidth-box fusion-builder-row-4 fusion-flex-container nonhundred-percent-fullwidth non-hundred-percent-height-scrolling\" style=\"--awb-border-radius-top-left:0px;--awb-border-radius-top-right:0px;--awb-border-radius-bottom-right:0px;--awb-border-radius-bottom-left:0px;--awb-padding-top:40px;--awb-padding-bottom:20px;--awb-background-color:rgba(255,152,0,0.09);--awb-flex-wrap:wrap;\" ><div class=\"fusion-builder-row fusion-row fusion-flex-align-items-stretch fusion-flex-content-wrap\" style=\"max-width:1144px;margin-left: calc(-4% \/ 2 );margin-right: calc(-4% \/ 2 );\"><div class=\"fusion-layout-column fusion_builder_column fusion-builder-column-5 fusion_builder_column_1_5 1_5 fusion-flex-column\" style=\"--awb-bg-size:cover;--awb-width-large:20%;--awb-margin-top-large:0px;--awb-spacing-right-large:9.6%;--awb-margin-bottom-large:20px;--awb-spacing-left-large:9.6%;--awb-width-medium:100%;--awb-spacing-right-medium:1.92%;--awb-spacing-left-medium:1.92%;--awb-width-small:100%;--awb-spacing-right-small:1.92%;--awb-spacing-left-small:1.92%;\"><div class=\"fusion-column-wrapper fusion-column-has-shadow fusion-flex-justify-content-center fusion-content-layout-column\"><div class=\"fusion-text fusion-text-5\"><p style=\"text-align: right;\"><span style=\"color: #ff9900;\"><code><i class=\"fa fa-quote-left fa-3x\"><\/i><\/code><\/span><\/p>\n<\/div><\/div><\/div><div class=\"fusion-layout-column fusion_builder_column fusion-builder-column-6 fusion_builder_column_3_5 3_5 fusion-flex-column\" style=\"--awb-bg-size:cover;--awb-width-large:60%;--awb-margin-top-large:0px;--awb-spacing-right-large:3.2%;--awb-margin-bottom-large:20px;--awb-spacing-left-large:3.2%;--awb-width-medium:100%;--awb-spacing-right-medium:1.92%;--awb-spacing-left-medium:1.92%;--awb-width-small:100%;--awb-spacing-right-small:1.92%;--awb-spacing-left-small:1.92%;\"><div class=\"fusion-column-wrapper fusion-column-has-shadow fusion-flex-justify-content-center fusion-content-layout-column\"><div class=\"fusion-text fusion-text-6\"><h4>Ni \u00e4r klart det b\u00e4sta tech-f\u00f6retaget vi har att g\u00f6ra med p\u00e5 Nordens Ark. Alltid lika trevliga och hj\u00e4lpsamma!<\/h4>\n<\/div><div class=\"fusion-separator fusion-has-icon fusion-full-width-sep\" style=\"align-self: center;margin-left: auto;margin-right: auto;margin-bottom:20px;width:100%;\"><\/div><div class=\"fusion-text fusion-text-7\"><p style=\"text-align: right;\"><span style=\"color: #000000;\">Marie Mattsson, Marknadsassistent, Nordens Ark<\/span><\/p>\n<\/div><\/div><\/div><div class=\"fusion-layout-column fusion_builder_column fusion-builder-column-7 fusion_builder_column_1_5 1_5 fusion-flex-column\" style=\"--awb-bg-size:cover;--awb-width-large:20%;--awb-margin-top-large:0px;--awb-spacing-right-large:9.6%;--awb-margin-bottom-large:20px;--awb-spacing-left-large:9.6%;--awb-width-medium:100%;--awb-spacing-right-medium:1.92%;--awb-spacing-left-medium:1.92%;--awb-width-small:100%;--awb-spacing-right-small:1.92%;--awb-spacing-left-small:1.92%;\"><div class=\"fusion-column-wrapper fusion-column-has-shadow fusion-flex-justify-content-center fusion-content-layout-column\"><div class=\"fusion-text fusion-text-8\"><p style=\"text-align: left;\"><span style=\"color: #ff9900;\"><code><i class=\"fa fa-quote-right fa-3x\"><\/i><\/code><\/span><\/p>\n<\/div><\/div><\/div><\/div><\/div><\/p>\n","protected":false},"excerpt":{"rendered":"","protected":false},"author":1,"featured_media":0,"parent":0,"menu_order":0,"comment_status":"closed","ping_status":"closed","template":"100-width.php","meta":{"footnotes":""},"class_list":["post-12104","page","type-page","status-publish","hentry"],"yoast_head":"<!-- This site is optimized with the Yoast SEO plugin v24.6 - https:\/\/yoast.com\/wordpress\/plugins\/seo\/ -->\n<title>Jobba hos oss | OnSpotStory<\/title>\n<meta name=\"description\" content=\"Vill du skapa framtidens digitala bes\u00f6ksupplevelser? Jobba hos OnSpotStory och bli en del av v\u00e5rt team som utvecklar appar f\u00f6r museer, turistdestinationer och kommuner.\" \/>\n<meta name=\"robots\" content=\"index, follow, max-snippet:-1, max-image-preview:large, max-video-preview:-1\" \/>\n<link rel=\"canonical\" href=\"https:\/\/www.onspotstory.com\/index.php\/jobba-hos-oss\/\" \/>\n<meta property=\"og:locale\" content=\"sv_SE\" \/>\n<meta property=\"og:type\" content=\"article\" \/>\n<meta property=\"og:title\" content=\"Jobba hos oss | OnSpotStory\" \/>\n<meta property=\"og:description\" content=\"Vill du skapa framtidens digitala bes\u00f6ksupplevelser? Jobba hos OnSpotStory och bli en del av v\u00e5rt team som utvecklar appar f\u00f6r museer, turistdestinationer och kommuner.\" \/>\n<meta property=\"og:url\" content=\"https:\/\/www.onspotstory.com\/index.php\/jobba-hos-oss\/\" \/>\n<meta property=\"og:site_name\" content=\"OnSpotStory\" \/>\n<meta property=\"article:publisher\" content=\"https:\/\/www.facebook.com\/OnSpotStoryEurope\/\" \/>\n<meta property=\"article:modified_time\" content=\"2024-12-19T08:52:46+00:00\" \/>\n<meta name=\"twitter:card\" content=\"summary_large_image\" \/>\n<meta name=\"twitter:label1\" content=\"Ber\u00e4knad l\u00e4stid\" \/>\n\t<meta name=\"twitter:data1\" content=\"1 minut\" \/>\n<script type=\"application\/ld+json\" class=\"yoast-schema-graph\">{\"@context\":\"https:\/\/schema.org\",\"@graph\":[{\"@type\":\"WebPage\",\"@id\":\"https:\/\/www.onspotstory.com\/index.php\/jobba-hos-oss\/\",\"url\":\"https:\/\/www.onspotstory.com\/index.php\/jobba-hos-oss\/\",\"name\":\"Jobba hos oss | OnSpotStory\",\"isPartOf\":{\"@id\":\"https:\/\/www.onspotstory.com\/#website\"},\"datePublished\":\"2024-12-12T08:14:38+00:00\",\"dateModified\":\"2024-12-19T08:52:46+00:00\",\"description\":\"Vill du skapa framtidens digitala bes\u00f6ksupplevelser? Jobba hos OnSpotStory och bli en del av v\u00e5rt team som utvecklar appar f\u00f6r museer, turistdestinationer och kommuner.\",\"breadcrumb\":{\"@id\":\"https:\/\/www.onspotstory.com\/index.php\/jobba-hos-oss\/#breadcrumb\"},\"inLanguage\":\"sv-SE\",\"potentialAction\":[{\"@type\":\"ReadAction\",\"target\":[\"https:\/\/www.onspotstory.com\/index.php\/jobba-hos-oss\/\"]}]},{\"@type\":\"BreadcrumbList\",\"@id\":\"https:\/\/www.onspotstory.com\/index.php\/jobba-hos-oss\/#breadcrumb\",\"itemListElement\":[{\"@type\":\"ListItem\",\"position\":1,\"name\":\"Hem\",\"item\":\"https:\/\/www.onspotstory.com\/\"},{\"@type\":\"ListItem\",\"position\":2,\"name\":\"Jobba hos oss\"}]},{\"@type\":\"WebSite\",\"@id\":\"https:\/\/www.onspotstory.com\/#website\",\"url\":\"https:\/\/www.onspotstory.com\/\",\"name\":\"OnSpotStory\",\"description\":\"Vi utvecklar appar f\u00f6r kommuner, museer och bes\u00f6ksm\u00e5l\",\"publisher\":{\"@id\":\"https:\/\/www.onspotstory.com\/#organization\"},\"potentialAction\":[{\"@type\":\"SearchAction\",\"target\":{\"@type\":\"EntryPoint\",\"urlTemplate\":\"https:\/\/www.onspotstory.com\/?s={search_term_string}\"},\"query-input\":{\"@type\":\"PropertyValueSpecification\",\"valueRequired\":true,\"valueName\":\"search_term_string\"}}],\"inLanguage\":\"sv-SE\"},{\"@type\":\"Organization\",\"@id\":\"https:\/\/www.onspotstory.com\/#organization\",\"name\":\"OnSpotStory\",\"url\":\"https:\/\/www.onspotstory.com\/\",\"logo\":{\"@type\":\"ImageObject\",\"inLanguage\":\"sv-SE\",\"@id\":\"https:\/\/www.onspotstory.com\/#\/schema\/logo\/image\/\",\"url\":\"https:\/\/www.onspotstory.com\/wp-content\/uploads\/2022\/09\/OSMS_logga_utanmost-1.png\",\"contentUrl\":\"https:\/\/www.onspotstory.com\/wp-content\/uploads\/2022\/09\/OSMS_logga_utanmost-1.png\",\"width\":250,\"height\":60,\"caption\":\"OnSpotStory\"},\"image\":{\"@id\":\"https:\/\/www.onspotstory.com\/#\/schema\/logo\/image\/\"},\"sameAs\":[\"https:\/\/www.facebook.com\/OnSpotStoryEurope\/\",\"https:\/\/www.instagram.com\/onspotstory_europe\/\",\"https:\/\/www.linkedin.com\/in\/staffangerlow\/\",\"https:\/\/www.youtube.com\/user\/OnSpotStory\"]}]}<\/script>\n<!-- \/ Yoast SEO plugin. -->","yoast_head_json":{"title":"Jobba hos oss | OnSpotStory","description":"Vill du skapa framtidens digitala bes\u00f6ksupplevelser? Jobba hos OnSpotStory och bli en del av v\u00e5rt team som utvecklar appar f\u00f6r museer, turistdestinationer och kommuner.","robots":{"index":"index","follow":"follow","max-snippet":"max-snippet:-1","max-image-preview":"max-image-preview:large","max-video-preview":"max-video-preview:-1"},"canonical":"https:\/\/www.onspotstory.com\/index.php\/jobba-hos-oss\/","og_locale":"sv_SE","og_type":"article","og_title":"Jobba hos oss | OnSpotStory","og_description":"Vill du skapa framtidens digitala bes\u00f6ksupplevelser? Jobba hos OnSpotStory och bli en del av v\u00e5rt team som utvecklar appar f\u00f6r museer, turistdestinationer och kommuner.","og_url":"https:\/\/www.onspotstory.com\/index.php\/jobba-hos-oss\/","og_site_name":"OnSpotStory","article_publisher":"https:\/\/www.facebook.com\/OnSpotStoryEurope\/","article_modified_time":"2024-12-19T08:52:46+00:00","twitter_card":"summary_large_image","twitter_misc":{"Ber\u00e4knad l\u00e4stid":"1 minut"},"schema":{"@context":"https:\/\/schema.org","@graph":[{"@type":"WebPage","@id":"https:\/\/www.onspotstory.com\/index.php\/jobba-hos-oss\/","url":"https:\/\/www.onspotstory.com\/index.php\/jobba-hos-oss\/","name":"Jobba hos oss | OnSpotStory","isPartOf":{"@id":"https:\/\/www.onspotstory.com\/#website"},"datePublished":"2024-12-12T08:14:38+00:00","dateModified":"2024-12-19T08:52:46+00:00","description":"Vill du skapa framtidens digitala bes\u00f6ksupplevelser? Jobba hos OnSpotStory och bli en del av v\u00e5rt team som utvecklar appar f\u00f6r museer, turistdestinationer och kommuner.","breadcrumb":{"@id":"https:\/\/www.onspotstory.com\/index.php\/jobba-hos-oss\/#breadcrumb"},"inLanguage":"sv-SE","potentialAction":[{"@type":"ReadAction","target":["https:\/\/www.onspotstory.com\/index.php\/jobba-hos-oss\/"]}]},{"@type":"BreadcrumbList","@id":"https:\/\/www.onspotstory.com\/index.php\/jobba-hos-oss\/#breadcrumb","itemListElement":[{"@type":"ListItem","position":1,"name":"Hem","item":"https:\/\/www.onspotstory.com\/"},{"@type":"ListItem","position":2,"name":"Jobba hos oss"}]},{"@type":"WebSite","@id":"https:\/\/www.onspotstory.com\/#website","url":"https:\/\/www.onspotstory.com\/","name":"OnSpotStory","description":"Vi utvecklar appar f\u00f6r kommuner, museer och bes\u00f6ksm\u00e5l","publisher":{"@id":"https:\/\/www.onspotstory.com\/#organization"},"potentialAction":[{"@type":"SearchAction","target":{"@type":"EntryPoint","urlTemplate":"https:\/\/www.onspotstory.com\/?s={search_term_string}"},"query-input":{"@type":"PropertyValueSpecification","valueRequired":true,"valueName":"search_term_string"}}],"inLanguage":"sv-SE"},{"@type":"Organization","@id":"https:\/\/www.onspotstory.com\/#organization","name":"OnSpotStory","url":"https:\/\/www.onspotstory.com\/","logo":{"@type":"ImageObject","inLanguage":"sv-SE","@id":"https:\/\/www.onspotstory.com\/#\/schema\/logo\/image\/","url":"https:\/\/www.onspotstory.com\/wp-content\/uploads\/2022\/09\/OSMS_logga_utanmost-1.png","contentUrl":"https:\/\/www.onspotstory.com\/wp-content\/uploads\/2022\/09\/OSMS_logga_utanmost-1.png","width":250,"height":60,"caption":"OnSpotStory"},"image":{"@id":"https:\/\/www.onspotstory.com\/#\/schema\/logo\/image\/"},"sameAs":["https:\/\/www.facebook.com\/OnSpotStoryEurope\/","https:\/\/www.instagram.com\/onspotstory_europe\/","https:\/\/www.linkedin.com\/in\/staffangerlow\/","https:\/\/www.youtube.com\/user\/OnSpotStory"]}]}},"_links":{"self":[{"href":"https:\/\/www.onspotstory.com\/index.php\/wp-json\/wp\/v2\/pages\/12104","targetHints":{"allow":["GET"]}}],"collection":[{"href":"https:\/\/www.onspotstory.com\/index.php\/wp-json\/wp\/v2\/pages"}],"about":[{"href":"https:\/\/www.onspotstory.com\/index.php\/wp-json\/wp\/v2\/types\/page"}],"author":[{"embeddable":true,"href":"https:\/\/www.onspotstory.com\/index.php\/wp-json\/wp\/v2\/users\/1"}],"replies":[{"embeddable":true,"href":"https:\/\/www.onspotstory.com\/index.php\/wp-json\/wp\/v2\/comments?post=12104"}],"version-history":[{"count":17,"href":"https:\/\/www.onspotstory.com\/index.php\/wp-json\/wp\/v2\/pages\/12104\/revisions"}],"predecessor-version":[{"id":12184,"href":"https:\/\/www.onspotstory.com\/index.php\/wp-json\/wp\/v2\/pages\/12104\/revisions\/12184"}],"wp:attachment":[{"href":"https:\/\/www.onspotstory.com\/index.php\/wp-json\/wp\/v2\/media?parent=12104"}],"curies":[{"name":"wp","href":"https:\/\/api.w.org\/{rel}","templated":true}]}}