{"id":11003,"date":"2023-12-18T12:58:44","date_gmt":"2023-12-18T12:58:44","guid":{"rendered":"https:\/\/www.onspotstory.com\/?page_id=11003"},"modified":"2023-12-18T13:01:48","modified_gmt":"2023-12-18T13:01:48","slug":"workshop","status":"publish","type":"page","link":"https:\/\/www.onspotstory.com\/index.php\/workshop\/","title":{"rendered":"Workshop"},"content":{"rendered":"<p><div class=\"fusion-fullwidth fullwidth-box fusion-builder-row-1 fusion-flex-container has-pattern-background has-mask-background fusion-parallax-none nonhundred-percent-fullwidth non-hundred-percent-height-scrolling\" style=\"--awb-border-radius-top-left:0px;--awb-border-radius-top-right:0px;--awb-border-radius-bottom-right:0px;--awb-border-radius-bottom-left:0px;--awb-padding-top:225px;--awb-padding-bottom:225px;--awb-background-image:url(&quot;https:\/\/www.onspotstory.com\/wp-content\/uploads\/2023\/12\/headerws.png&quot;);--awb-background-size:cover;--awb-flex-wrap:wrap;\" ><div class=\"fusion-builder-row fusion-row fusion-flex-align-items-flex-start fusion-flex-content-wrap\" style=\"max-width:1144px;margin-left: calc(-4% \/ 2 );margin-right: calc(-4% \/ 2 );\"><div class=\"fusion-layout-column fusion_builder_column fusion-builder-column-0 fusion_builder_column_1_1 1_1 fusion-flex-column\" style=\"--awb-bg-size:cover;--awb-width-large:100%;--awb-margin-top-large:0px;--awb-spacing-right-large:1.92%;--awb-margin-bottom-large:20px;--awb-spacing-left-large:1.92%;--awb-width-medium:100%;--awb-spacing-right-medium:1.92%;--awb-spacing-left-medium:1.92%;--awb-width-small:100%;--awb-spacing-right-small:1.92%;--awb-spacing-left-small:1.92%;\"><div class=\"fusion-column-wrapper fusion-column-has-shadow fusion-flex-justify-content-flex-start fusion-content-layout-column\"><\/div><\/div><\/div><\/div><div class=\"fusion-fullwidth fullwidth-box fusion-builder-row-2 fusion-flex-container nonhundred-percent-fullwidth non-hundred-percent-height-scrolling\" style=\"--awb-border-radius-top-left:0px;--awb-border-radius-top-right:0px;--awb-border-radius-bottom-right:0px;--awb-border-radius-bottom-left:0px;--awb-padding-top:20px;--awb-padding-bottom:35px;--awb-flex-wrap:wrap;\" ><div class=\"fusion-builder-row fusion-row fusion-flex-align-items-flex-start fusion-flex-content-wrap\" style=\"max-width:1144px;margin-left: calc(-4% \/ 2 );margin-right: calc(-4% \/ 2 );\"><div class=\"fusion-layout-column fusion_builder_column fusion-builder-column-1 fusion_builder_column_1_1 1_1 fusion-flex-column\" style=\"--awb-bg-size:cover;--awb-width-large:100%;--awb-margin-top-large:0px;--awb-spacing-right-large:1.92%;--awb-margin-bottom-large:20px;--awb-spacing-left-large:1.92%;--awb-width-medium:100%;--awb-spacing-right-medium:1.92%;--awb-spacing-left-medium:1.92%;--awb-width-small:100%;--awb-spacing-right-small:1.92%;--awb-spacing-left-small:1.92%;\"><div class=\"fusion-column-wrapper fusion-column-has-shadow fusion-flex-justify-content-flex-start fusion-content-layout-column\"><div class=\"fusion-text fusion-text-1\"><h1>Boka en workshop med oss<\/h1>\n<\/div><\/div><\/div><div class=\"fusion-layout-column fusion_builder_column fusion-builder-column-2 fusion_builder_column_1_2 1_2 fusion-flex-column\" style=\"--awb-bg-size:cover;--awb-width-large:50%;--awb-margin-top-large:0px;--awb-spacing-right-large:3.84%;--awb-margin-bottom-large:20px;--awb-spacing-left-large:3.84%;--awb-width-medium:100%;--awb-spacing-right-medium:1.92%;--awb-spacing-left-medium:1.92%;--awb-width-small:100%;--awb-spacing-right-small:1.92%;--awb-spacing-left-small:1.92%;\"><div class=\"fusion-column-wrapper fusion-column-has-shadow fusion-flex-justify-content-flex-start fusion-content-layout-column\"><div class=\"fusion-text fusion-text-2\"><p>Vill ni engagera fler i arbetet med appen eller f\u00e5 inspiration och \u00f6ka era kunskaper om t.ex Augmented Reality eller annan inneh\u00e5llsproduktion? D\u00e5 kan ni boka en workshop med oss.<\/p>\n<\/div><\/div><\/div><div class=\"fusion-layout-column fusion_builder_column fusion-builder-column-3 fusion_builder_column_1_2 1_2 fusion-flex-column\" style=\"--awb-bg-size:cover;--awb-width-large:50%;--awb-margin-top-large:0px;--awb-spacing-right-large:3.84%;--awb-margin-bottom-large:20px;--awb-spacing-left-large:3.84%;--awb-width-medium:100%;--awb-spacing-right-medium:1.92%;--awb-spacing-left-medium:1.92%;--awb-width-small:100%;--awb-spacing-right-small:1.92%;--awb-spacing-left-small:1.92%;\"><div class=\"fusion-column-wrapper fusion-column-has-shadow fusion-flex-justify-content-flex-start fusion-content-layout-column\"><div class=\"fusion-text fusion-text-3\"><p>Vad har ni f\u00f6r behov och hur vill ni utveckla er app?\u00a0 Vi skr\u00e4ddarsyr ett inneh\u00e5ll efter era \u00f6nskem\u00e5l och kommer till er.<\/p>\n<\/div><\/div><\/div><\/div><\/div><div class=\"fusion-fullwidth fullwidth-box fusion-builder-row-3 fusion-flex-container nonhundred-percent-fullwidth non-hundred-percent-height-scrolling\" style=\"--awb-border-radius-top-left:0px;--awb-border-radius-top-right:0px;--awb-border-radius-bottom-right:0px;--awb-border-radius-bottom-left:0px;--awb-padding-bottom:30px;--awb-flex-wrap:wrap;\" ><div class=\"fusion-builder-row fusion-row fusion-flex-align-items-flex-start fusion-flex-content-wrap\" style=\"max-width:1144px;margin-left: calc(-4% \/ 2 );margin-right: calc(-4% \/ 2 );\"><div class=\"fusion-layout-column fusion_builder_column fusion-builder-column-4 fusion_builder_column_1_2 1_2 fusion-flex-column\" style=\"--awb-padding-top:50px;--awb-padding-right:25px;--awb-padding-bottom:50px;--awb-padding-left:25px;--awb-overflow:hidden;--awb-bg-color:var(--awb-color3);--awb-bg-color-hover:var(--awb-color3);--awb-bg-size:cover;--awb-border-color:#ffab2d;--awb-border-top:0;--awb-border-right:0;--awb-border-bottom:0;--awb-border-left:0;--awb-border-style:solid;--awb-border-radius:10px 10px 10px 10px;--awb-width-large:50%;--awb-margin-top-large:0px;--awb-spacing-right-large:3.84%;--awb-margin-bottom-large:20px;--awb-spacing-left-large:3.84%;--awb-width-medium:100%;--awb-order-medium:0;--awb-spacing-right-medium:1.92%;--awb-spacing-left-medium:1.92%;--awb-width-small:100%;--awb-order-small:0;--awb-spacing-right-small:1.92%;--awb-spacing-left-small:1.92%;\"><div class=\"fusion-column-wrapper fusion-column-has-shadow fusion-flex-justify-content-flex-start fusion-content-layout-column\"><i class=\"fb-icon-element-1 fb-icon-element fontawesome-icon fa-users-cog fas circle-no\" style=\"--awb-iconcolor:var(--awb-color8);--awb-font-size:60px;--awb-margin-top:0;--awb-margin-right:0;--awb-margin-bottom:0;--awb-margin-left:0;--awb-align-self:center;\"><\/i><div class=\"fusion-separator fusion-full-width-sep\" style=\"align-self: center;margin-left: auto;margin-right: auto;margin-top:20px;width:100%;\"><\/div><div class=\"fusion-text fusion-text-4\"><p style=\"text-align: center;\"><span style=\"color: #000000;\">Exempel p\u00e5 workshop<\/span><\/p>\n<\/div><div class=\"fusion-text fusion-text-5\"><h2 style=\"text-align: center;\">Skapa ett engagerande inneh\u00e5ll<\/h2>\n<\/div><div class=\"fusion-separator fusion-has-icon fusion-full-width-sep\" style=\"align-self: center;margin-left: auto;margin-right: auto;margin-top:20px;width:100%;\"><\/div><div class=\"fusion-text fusion-text-6\"><p style=\"text-align: center;\">Heldags workshop klockan 10.00-15.00<\/p>\n<p style=\"text-align: center;\"><code><i class=\"fa fa-check fa-1x orange\"><\/i><\/code>\u00a0 Inspirationsf\u00f6rel\u00e4sning: vi visar exempel p\u00e5 olika typer av inneh\u00e5ll i appen. Hur skapar man engagerande guider? Vad ska man t\u00e4nka p\u00e5?<\/p>\n<p style=\"text-align: center;\"><code><i class=\"fa fa-check fa-1x orange\"><\/i><\/code>\u00a0 Workshop: Ta fram en manusid\u00e9 + testa greenscreen-filmning<\/p>\n<\/div><div class=\"fusion-separator fusion-full-width-sep\" style=\"align-self: center;margin-left: auto;margin-right: auto;margin-top:3px;margin-bottom:3px;width:100%;\"><\/div><div class=\"fusion-text fusion-text-7\"><h3 style=\"text-align: center;\">Pris: fr\u00e5n 12 000 kr ex. moms<\/h3>\n<\/div><div class=\"fusion-separator fusion-full-width-sep\" style=\"align-self: center;margin-left: auto;margin-right: auto;margin-top:3px;margin-bottom:3px;width:100%;\"><\/div><div class=\"fusion-text fusion-text-8\"><p style=\"text-align: center;\"><span style=\"color: #000000; font-size: smaller;\"><em>Vi kommer till er och har med greenscreen, videokamera m.m.\u00a0<\/em><\/span><\/p>\n<\/div><div class=\"fusion-separator fusion-full-width-sep\" style=\"align-self: center;margin-left: auto;margin-right: auto;margin-top:3px;margin-bottom:3px;width:100%;\"><\/div><div style=\"text-align:center;\"><a class=\"fusion-button button-flat fusion-button-default-size button-default fusion-button-default button-1 fusion-button-default-span fusion-button-default-type\" style=\"--button_text_transform:uppercase;\" target=\"_self\" href=\"https:\/\/www.onspotstory.com\/index.php\/kontakt-2\/\"><span class=\"fusion-button-text\">Kontakta oss <\/span><\/a><\/div><\/div><\/div><div class=\"fusion-layout-column fusion_builder_column fusion-builder-column-5 fusion_builder_column_1_2 1_2 fusion-flex-column\" style=\"--awb-padding-top:50px;--awb-padding-right:25px;--awb-padding-bottom:50px;--awb-padding-left:25px;--awb-overflow:hidden;--awb-bg-color:var(--awb-color5);--awb-bg-color-hover:var(--awb-color5);--awb-bg-size:cover;--awb-border-radius:5px 5px 5px 5px;--awb-width-large:50%;--awb-margin-top-large:0px;--awb-spacing-right-large:3.84%;--awb-margin-bottom-large:20px;--awb-spacing-left-large:3.84%;--awb-width-medium:100%;--awb-order-medium:0;--awb-spacing-right-medium:1.92%;--awb-spacing-left-medium:1.92%;--awb-width-small:100%;--awb-order-small:0;--awb-spacing-right-small:1.92%;--awb-spacing-left-small:1.92%;\"><div class=\"fusion-column-wrapper fusion-column-has-shadow fusion-flex-justify-content-flex-start fusion-content-layout-column\"><i class=\"fb-icon-element-2 fb-icon-element fontawesome-icon fa-dice-d6 fas circle-no\" style=\"--awb-iconcolor:var(--awb-color8);--awb-font-size:60px;--awb-margin-top:0;--awb-margin-right:0;--awb-margin-bottom:0;--awb-margin-left:0;--awb-align-self:center;\"><\/i><div class=\"fusion-separator fusion-full-width-sep\" style=\"align-self: center;margin-left: auto;margin-right: auto;margin-top:20px;width:100%;\"><\/div><div class=\"fusion-text fusion-text-9\"><p style=\"text-align: center;\"><span style=\"color: #000000;\">Exempel p\u00e5 workshop<\/span><\/p>\n<\/div><div class=\"fusion-text fusion-text-10\"><h2 style=\"text-align: center;\">Augmented Reality<\/h2>\n<\/div><div class=\"fusion-separator fusion-has-icon fusion-full-width-sep\" style=\"align-self: center;margin-left: auto;margin-right: auto;margin-top:20px;width:100%;\"><\/div><div class=\"fusion-text fusion-text-11\"><p style=\"text-align: center;\">Halvdags workshop klockan 13.00-16.00<\/p>\n<p style=\"text-align: center;\"><code><i class=\"fa fa-check fa-1x orange\"><\/i><\/code>\u00a0 Inspirationsf\u00f6rel\u00e4sning: vi visar exempel p\u00e5 olika typer av upplevelser i Augmented Reality<\/p>\n<p style=\"text-align: center;\"><code><i class=\"fa fa-check fa-1x orange\"><\/i><\/code>\u00a0 Workshop: Vi skapar tillsammans flera olika AR-upplevelser i en testapp. Prova direkt.<\/p>\n<\/div><div class=\"fusion-separator fusion-full-width-sep\" style=\"align-self: center;margin-left: auto;margin-right: auto;margin-top:3px;margin-bottom:3px;width:100%;\"><\/div><div class=\"fusion-text fusion-text-12\"><h3 style=\"text-align: center;\">Pris: fr\u00e5n 8 000 kr ex. moms<\/h3>\n<\/div><div class=\"fusion-text fusion-text-13\"><p style=\"text-align: center;\"><span style=\"color: #000000; font-size: smaller;\"><em>Vi kommer till er och har med greenscreen, videokamera m.m.\u00a0<\/em><\/span><\/p>\n<\/div><div class=\"fusion-separator fusion-full-width-sep\" style=\"align-self: center;margin-left: auto;margin-right: auto;margin-top:3px;margin-bottom:3px;width:100%;\"><\/div><div style=\"text-align:center;\"><a class=\"fusion-button button-flat fusion-button-default-size button-default fusion-button-default button-2 fusion-button-default-span fusion-button-default-type\" style=\"--button_text_transform:uppercase;\" target=\"_self\" href=\"https:\/\/www.onspotstory.com\/index.php\/kontakt-2\/\"><span class=\"fusion-button-text\">Kontakta oss<\/span><\/a><\/div><\/div><\/div><\/div><\/div><div class=\"fusion-fullwidth fullwidth-box fusion-builder-row-4 fusion-flex-container nonhundred-percent-fullwidth non-hundred-percent-height-scrolling\" style=\"--awb-border-radius-top-left:0px;--awb-border-radius-top-right:0px;--awb-border-radius-bottom-right:0px;--awb-border-radius-bottom-left:0px;--awb-padding-top:20px;--awb-flex-wrap:wrap;\" ><div class=\"fusion-builder-row fusion-row fusion-flex-align-items-flex-start fusion-flex-content-wrap\" style=\"max-width:1144px;margin-left: calc(-4% \/ 2 );margin-right: calc(-4% \/ 2 );\"><div class=\"fusion-layout-column fusion_builder_column fusion-builder-column-6 fusion_builder_column_1_1 1_1 fusion-flex-column\" style=\"--awb-bg-size:cover;--awb-width-large:100%;--awb-margin-top-large:0px;--awb-spacing-right-large:1.92%;--awb-margin-bottom-large:20px;--awb-spacing-left-large:1.92%;--awb-width-medium:100%;--awb-spacing-right-medium:1.92%;--awb-spacing-left-medium:1.92%;--awb-width-small:100%;--awb-spacing-right-small:1.92%;--awb-spacing-left-small:1.92%;\"><div class=\"fusion-column-wrapper fusion-column-has-shadow fusion-flex-justify-content-flex-start fusion-content-layout-column\"><div class=\"fusion-text fusion-text-14\"><h2 style=\"text-align: center;\">Vi skr\u00e4ddarsyr inneh\u00e5llet efter era \u00f6nskem\u00e5l<\/h2>\n<p style=\"text-align: center;\">H\u00e4r kan du se exempel p\u00e5 tidigare workshops.<\/p>\n<\/div><\/div><\/div><\/div><\/div><div class=\"fusion-fullwidth fullwidth-box fusion-builder-row-5 fusion-flex-container nonhundred-percent-fullwidth non-hundred-percent-height-scrolling\" style=\"--awb-border-radius-top-left:0px;--awb-border-radius-top-right:0px;--awb-border-radius-bottom-right:0px;--awb-border-radius-bottom-left:0px;--awb-background-color:rgba(255,255,255,0.09);--awb-flex-wrap:wrap;\" ><div class=\"fusion-builder-row fusion-row fusion-flex-align-items-flex-start fusion-flex-content-wrap\" style=\"max-width:1144px;margin-left: calc(-4% \/ 2 );margin-right: calc(-4% \/ 2 );\"><div class=\"fusion-layout-column fusion_builder_column fusion-builder-column-7 fusion_builder_column_1_1 1_1 fusion-flex-column\" style=\"--awb-bg-size:cover;--awb-width-large:100%;--awb-margin-top-large:0px;--awb-spacing-right-large:1.92%;--awb-margin-bottom-large:20px;--awb-spacing-left-large:1.92%;--awb-width-medium:100%;--awb-spacing-right-medium:1.92%;--awb-spacing-left-medium:1.92%;--awb-width-small:100%;--awb-spacing-right-small:1.92%;--awb-spacing-left-small:1.92%;\"><div class=\"fusion-column-wrapper fusion-column-has-shadow fusion-flex-justify-content-flex-start fusion-content-layout-column\"><div class=\"fusion-recent-posts fusion-recent-posts-1 avada-container layout-default layout-columns-3\"><section class=\"fusion-columns columns fusion-columns-3 columns-3\"><article class=\"post fusion-column column col col-lg-4 col-md-4 col-sm-4\"><div class=\"fusion-flexslider fusion-flexslider-loading flexslider flexslider-hover-type-none\"><ul class=\"slides\"><li><a href=\"https:\/\/www.onspotstory.com\/index.php\/ar-workshop-uppsala\/\" aria-label=\"AR-workshop i Uppsala\" class=\"hover-type-none\"><img decoding=\"async\" width=\"700\" height=\"441\" src=\"https:\/\/www.onspotstory.com\/wp-content\/uploads\/2023\/12\/ARworkshopUppsala-700x441.png\" class=\"attachment-recent-posts size-recent-posts\" alt=\"\" srcset=\"https:\/\/www.onspotstory.com\/wp-content\/uploads\/2023\/12\/ARworkshopUppsala-320x202.png 320w, https:\/\/www.onspotstory.com\/wp-content\/uploads\/2023\/12\/ARworkshopUppsala-700x441.png 700w\" sizes=\"(max-width: 700px) 100vw, 700px\" \/><\/a><\/li><\/ul><\/div><div class=\"recent-posts-content\"><h4 class=\"entry-title\"><a href=\"https:\/\/www.onspotstory.com\/index.php\/ar-workshop-uppsala\/\">AR-workshop i Uppsala<\/a><\/h4><p> Appen Uppsala konst och kulturarv lanserades v\u00e5ren 2022. Sedan dess har inneh\u00e5llet i appen v\u00e4xt med m\u00e5nga fler konstrundor, historiska vandringar, quiz och po\u00e4ngspel. F\u00f6r att inspirera och s\u00e4nka tr\u00f6sklarna f\u00f6r fler att arbeta<a href=\"https:\/\/www.onspotstory.com\/index.php\/ar-workshop-uppsala\/\"> [...]<\/a><\/p><\/div><\/article><\/section><\/div><\/div><\/div><\/div><\/div><\/p>\n","protected":false},"excerpt":{"rendered":"","protected":false},"author":1,"featured_media":0,"parent":0,"menu_order":0,"comment_status":"closed","ping_status":"closed","template":"100-width.php","meta":{"footnotes":""},"class_list":["post-11003","page","type-page","status-publish","hentry"],"yoast_head":"<!-- This site is optimized with the Yoast SEO plugin v24.6 - https:\/\/yoast.com\/wordpress\/plugins\/seo\/ -->\n<title>Boka en workshop | OnSpotStory<\/title>\n<meta name=\"description\" content=\"Vill ni engagera fler i arbetet med appen eller f\u00e5 inspiration och \u00f6ka era kunskaper om t.ex Augmented Reality? Boka en workshop med oss. Vi skr\u00e4ddarsyr ett inneh\u00e5ll efter era \u00f6nskem\u00e5l och kommer till er\" \/>\n<meta name=\"robots\" content=\"index, follow, max-snippet:-1, max-image-preview:large, max-video-preview:-1\" \/>\n<link rel=\"canonical\" href=\"https:\/\/www.onspotstory.com\/index.php\/workshop\/\" \/>\n<meta property=\"og:locale\" content=\"sv_SE\" \/>\n<meta property=\"og:type\" content=\"article\" \/>\n<meta property=\"og:title\" content=\"Boka en workshop med OnSpotStory\" \/>\n<meta property=\"og:description\" content=\"Vill ni inspirera fler att arbeta med appen. L\u00e4ra er mer om Augmented Reality eller hur man skapar engagerande inneh\u00e5ll? Boka en demo med oss.\" \/>\n<meta property=\"og:url\" content=\"https:\/\/www.onspotstory.com\/index.php\/workshop\/\" \/>\n<meta property=\"og:site_name\" content=\"OnSpotStory\" \/>\n<meta property=\"article:publisher\" content=\"https:\/\/www.facebook.com\/OnSpotStoryEurope\/\" \/>\n<meta property=\"article:modified_time\" content=\"2023-12-18T13:01:48+00:00\" \/>\n<meta property=\"og:image\" content=\"https:\/\/www.onspotstory.com\/wp-content\/uploads\/2023\/12\/amelie-mourichon-wusOJ-2uY6w-unsplash-scaled.jpg\" \/>\n\t<meta property=\"og:image:width\" content=\"2560\" \/>\n\t<meta property=\"og:image:height\" content=\"1920\" \/>\n\t<meta property=\"og:image:type\" content=\"image\/jpeg\" \/>\n<meta name=\"twitter:card\" content=\"summary_large_image\" \/>\n<meta name=\"twitter:label1\" content=\"Ber\u00e4knad l\u00e4stid\" \/>\n\t<meta name=\"twitter:data1\" content=\"10 minuter\" \/>\n<script type=\"application\/ld+json\" class=\"yoast-schema-graph\">{\"@context\":\"https:\/\/schema.org\",\"@graph\":[{\"@type\":\"WebPage\",\"@id\":\"https:\/\/www.onspotstory.com\/index.php\/workshop\/\",\"url\":\"https:\/\/www.onspotstory.com\/index.php\/workshop\/\",\"name\":\"Boka en workshop | OnSpotStory\",\"isPartOf\":{\"@id\":\"https:\/\/www.onspotstory.com\/#website\"},\"datePublished\":\"2023-12-18T12:58:44+00:00\",\"dateModified\":\"2023-12-18T13:01:48+00:00\",\"description\":\"Vill ni engagera fler i arbetet med appen eller f\u00e5 inspiration och \u00f6ka era kunskaper om t.ex Augmented Reality? Boka en workshop med oss. Vi skr\u00e4ddarsyr ett inneh\u00e5ll efter era \u00f6nskem\u00e5l och kommer till er\",\"breadcrumb\":{\"@id\":\"https:\/\/www.onspotstory.com\/index.php\/workshop\/#breadcrumb\"},\"inLanguage\":\"sv-SE\",\"potentialAction\":[{\"@type\":\"ReadAction\",\"target\":[\"https:\/\/www.onspotstory.com\/index.php\/workshop\/\"]}]},{\"@type\":\"BreadcrumbList\",\"@id\":\"https:\/\/www.onspotstory.com\/index.php\/workshop\/#breadcrumb\",\"itemListElement\":[{\"@type\":\"ListItem\",\"position\":1,\"name\":\"Hem\",\"item\":\"https:\/\/www.onspotstory.com\/\"},{\"@type\":\"ListItem\",\"position\":2,\"name\":\"Workshop\"}]},{\"@type\":\"WebSite\",\"@id\":\"https:\/\/www.onspotstory.com\/#website\",\"url\":\"https:\/\/www.onspotstory.com\/\",\"name\":\"OnSpotStory\",\"description\":\"Vi utvecklar appar f\u00f6r kommuner, museer och bes\u00f6ksm\u00e5l\",\"publisher\":{\"@id\":\"https:\/\/www.onspotstory.com\/#organization\"},\"potentialAction\":[{\"@type\":\"SearchAction\",\"target\":{\"@type\":\"EntryPoint\",\"urlTemplate\":\"https:\/\/www.onspotstory.com\/?s={search_term_string}\"},\"query-input\":{\"@type\":\"PropertyValueSpecification\",\"valueRequired\":true,\"valueName\":\"search_term_string\"}}],\"inLanguage\":\"sv-SE\"},{\"@type\":\"Organization\",\"@id\":\"https:\/\/www.onspotstory.com\/#organization\",\"name\":\"OnSpotStory\",\"url\":\"https:\/\/www.onspotstory.com\/\",\"logo\":{\"@type\":\"ImageObject\",\"inLanguage\":\"sv-SE\",\"@id\":\"https:\/\/www.onspotstory.com\/#\/schema\/logo\/image\/\",\"url\":\"https:\/\/www.onspotstory.com\/wp-content\/uploads\/2022\/09\/OSMS_logga_utanmost-1.png\",\"contentUrl\":\"https:\/\/www.onspotstory.com\/wp-content\/uploads\/2022\/09\/OSMS_logga_utanmost-1.png\",\"width\":250,\"height\":60,\"caption\":\"OnSpotStory\"},\"image\":{\"@id\":\"https:\/\/www.onspotstory.com\/#\/schema\/logo\/image\/\"},\"sameAs\":[\"https:\/\/www.facebook.com\/OnSpotStoryEurope\/\",\"https:\/\/www.instagram.com\/onspotstory_europe\/\",\"https:\/\/www.linkedin.com\/in\/staffangerlow\/\",\"https:\/\/www.youtube.com\/user\/OnSpotStory\"]}]}<\/script>\n<!-- \/ Yoast SEO plugin. -->","yoast_head_json":{"title":"Boka en workshop | OnSpotStory","description":"Vill ni engagera fler i arbetet med appen eller f\u00e5 inspiration och \u00f6ka era kunskaper om t.ex Augmented Reality? Boka en workshop med oss. Vi skr\u00e4ddarsyr ett inneh\u00e5ll efter era \u00f6nskem\u00e5l och kommer till er","robots":{"index":"index","follow":"follow","max-snippet":"max-snippet:-1","max-image-preview":"max-image-preview:large","max-video-preview":"max-video-preview:-1"},"canonical":"https:\/\/www.onspotstory.com\/index.php\/workshop\/","og_locale":"sv_SE","og_type":"article","og_title":"Boka en workshop med OnSpotStory","og_description":"Vill ni inspirera fler att arbeta med appen. L\u00e4ra er mer om Augmented Reality eller hur man skapar engagerande inneh\u00e5ll? Boka en demo med oss.","og_url":"https:\/\/www.onspotstory.com\/index.php\/workshop\/","og_site_name":"OnSpotStory","article_publisher":"https:\/\/www.facebook.com\/OnSpotStoryEurope\/","article_modified_time":"2023-12-18T13:01:48+00:00","og_image":[{"width":2560,"height":1920,"url":"https:\/\/www.onspotstory.com\/wp-content\/uploads\/2023\/12\/amelie-mourichon-wusOJ-2uY6w-unsplash-scaled.jpg","type":"image\/jpeg"}],"twitter_card":"summary_large_image","twitter_misc":{"Ber\u00e4knad l\u00e4stid":"10 minuter"},"schema":{"@context":"https:\/\/schema.org","@graph":[{"@type":"WebPage","@id":"https:\/\/www.onspotstory.com\/index.php\/workshop\/","url":"https:\/\/www.onspotstory.com\/index.php\/workshop\/","name":"Boka en workshop | OnSpotStory","isPartOf":{"@id":"https:\/\/www.onspotstory.com\/#website"},"datePublished":"2023-12-18T12:58:44+00:00","dateModified":"2023-12-18T13:01:48+00:00","description":"Vill ni engagera fler i arbetet med appen eller f\u00e5 inspiration och \u00f6ka era kunskaper om t.ex Augmented Reality? Boka en workshop med oss. Vi skr\u00e4ddarsyr ett inneh\u00e5ll efter era \u00f6nskem\u00e5l och kommer till er","breadcrumb":{"@id":"https:\/\/www.onspotstory.com\/index.php\/workshop\/#breadcrumb"},"inLanguage":"sv-SE","potentialAction":[{"@type":"ReadAction","target":["https:\/\/www.onspotstory.com\/index.php\/workshop\/"]}]},{"@type":"BreadcrumbList","@id":"https:\/\/www.onspotstory.com\/index.php\/workshop\/#breadcrumb","itemListElement":[{"@type":"ListItem","position":1,"name":"Hem","item":"https:\/\/www.onspotstory.com\/"},{"@type":"ListItem","position":2,"name":"Workshop"}]},{"@type":"WebSite","@id":"https:\/\/www.onspotstory.com\/#website","url":"https:\/\/www.onspotstory.com\/","name":"OnSpotStory","description":"Vi utvecklar appar f\u00f6r kommuner, museer och bes\u00f6ksm\u00e5l","publisher":{"@id":"https:\/\/www.onspotstory.com\/#organization"},"potentialAction":[{"@type":"SearchAction","target":{"@type":"EntryPoint","urlTemplate":"https:\/\/www.onspotstory.com\/?s={search_term_string}"},"query-input":{"@type":"PropertyValueSpecification","valueRequired":true,"valueName":"search_term_string"}}],"inLanguage":"sv-SE"},{"@type":"Organization","@id":"https:\/\/www.onspotstory.com\/#organization","name":"OnSpotStory","url":"https:\/\/www.onspotstory.com\/","logo":{"@type":"ImageObject","inLanguage":"sv-SE","@id":"https:\/\/www.onspotstory.com\/#\/schema\/logo\/image\/","url":"https:\/\/www.onspotstory.com\/wp-content\/uploads\/2022\/09\/OSMS_logga_utanmost-1.png","contentUrl":"https:\/\/www.onspotstory.com\/wp-content\/uploads\/2022\/09\/OSMS_logga_utanmost-1.png","width":250,"height":60,"caption":"OnSpotStory"},"image":{"@id":"https:\/\/www.onspotstory.com\/#\/schema\/logo\/image\/"},"sameAs":["https:\/\/www.facebook.com\/OnSpotStoryEurope\/","https:\/\/www.instagram.com\/onspotstory_europe\/","https:\/\/www.linkedin.com\/in\/staffangerlow\/","https:\/\/www.youtube.com\/user\/OnSpotStory"]}]}},"_links":{"self":[{"href":"https:\/\/www.onspotstory.com\/index.php\/wp-json\/wp\/v2\/pages\/11003","targetHints":{"allow":["GET"]}}],"collection":[{"href":"https:\/\/www.onspotstory.com\/index.php\/wp-json\/wp\/v2\/pages"}],"about":[{"href":"https:\/\/www.onspotstory.com\/index.php\/wp-json\/wp\/v2\/types\/page"}],"author":[{"embeddable":true,"href":"https:\/\/www.onspotstory.com\/index.php\/wp-json\/wp\/v2\/users\/1"}],"replies":[{"embeddable":true,"href":"https:\/\/www.onspotstory.com\/index.php\/wp-json\/wp\/v2\/comments?post=11003"}],"version-history":[{"count":9,"href":"https:\/\/www.onspotstory.com\/index.php\/wp-json\/wp\/v2\/pages\/11003\/revisions"}],"predecessor-version":[{"id":11026,"href":"https:\/\/www.onspotstory.com\/index.php\/wp-json\/wp\/v2\/pages\/11003\/revisions\/11026"}],"wp:attachment":[{"href":"https:\/\/www.onspotstory.com\/index.php\/wp-json\/wp\/v2\/media?parent=11003"}],"curies":[{"name":"wp","href":"https:\/\/api.w.org\/{rel}","templated":true}]}}